{"id":96,"date":"2017-08-26T21:58:45","date_gmt":"2017-08-26T19:58:45","guid":{"rendered":"http:\/\/tjkostelec.cz\/?page_id=96"},"modified":"2023-02-17T19:07:33","modified_gmt":"2023-02-17T18:07:33","slug":"herna-kostelec","status":"publish","type":"page","link":"http:\/\/tjkostelec.cz\/?page_id=96","title":{"rendered":"Herna Kostelec"},"content":{"rendered":"<p><a href=\"http:\/\/tjkostelec.cz\/wp-content\/uploads\/2017\/08\/20170114_133437.jpg\"><img loading=\"lazy\" decoding=\"async\" class=\"alignnone size-medium wp-image-1317\" src=\"http:\/\/tjkostelec.cz\/wp-content\/uploads\/2017\/08\/20170114_133437-300x195.jpg\" alt=\"\" width=\"300\" height=\"195\" \/><\/a><a href=\"http:\/\/tjkostelec.cz\/wp-content\/uploads\/2017\/08\/IMG_6192.jpg\"><img loading=\"lazy\" decoding=\"async\" class=\"alignnone wp-image-98\" src=\"http:\/\/tjkostelec.cz\/wp-content\/uploads\/2017\/08\/IMG_6192-300x225.jpg\" alt=\"\" width=\"261\" height=\"196\" srcset=\"http:\/\/tjkostelec.cz\/wp-content\/uploads\/2017\/08\/IMG_6192-300x225.jpg 300w, http:\/\/tjkostelec.cz\/wp-content\/uploads\/2017\/08\/IMG_6192-768x576.jpg 768w, http:\/\/tjkostelec.cz\/wp-content\/uploads\/2017\/08\/IMG_6192.jpg 1024w, http:\/\/tjkostelec.cz\/wp-content\/uploads\/2017\/08\/IMG_6192-128x96.jpg 128w, http:\/\/tjkostelec.cz\/wp-content\/uploads\/2017\/08\/IMG_6192-32x24.jpg 32w\" sizes=\"auto, (max-width: 261px) 100vw, 261px\" \/><\/a><\/p>\n<p>Herna TJ Sokol Kostelec<br \/>\nL\u00e1ze\u0148sk\u00e1 412, 763 14 Zl\u00edn, Czech Republic<\/p>\n<div class=\"supsystic-table-loader spinner\"style=\"background-color:#000000\"><\/div><div id=\"supsystic-table-1_29668\" class=\"supsystic-tables-wrap \" style=\" display: inline-block; width:auto; visibility: hidden; \" data-table-width-fixed=\"auto\" data-table-width-mobile=\"100%\" ><table id=\"supsystic-table-1\" class=\"supsystic-table compact ColWithMergeCellsAlign border lightboxImg cell-border\" data-id=\"1\" data-view-id=\"1_29668\" data-title=\"Herna Kostelec\" data-currency-format=\"$1,000.00\" data-percent-format=\"10.00%\" data-date-format=\"DD.MM.YYYY\" data-time-format=\"HH:mm\" data-features=\"[&quot;after_table_loaded_script&quot;]\" data-search-value=\"\" data-lightbox-img=\"\" data-head-rows-count=\"1\" data-pagination-length=\"50,100,All\" data-auto-index=\"off\" data-searching-settings=\"{&quot;columnSearchPosition&quot;:&quot;bottom&quot;,&quot;minChars&quot;:&quot;0&quot;}\" data-lang=\"Czech\" data-override=\"{&quot;emptyTable&quot;:&quot;&quot;,&quot;info&quot;:&quot;&quot;,&quot;infoEmpty&quot;:&quot;&quot;,&quot;infoFiltered&quot;:&quot;&quot;,&quot;lengthMenu&quot;:&quot;&quot;,&quot;search&quot;:&quot;&quot;,&quot;zeroRecords&quot;:&quot;&quot;,&quot;exportLabel&quot;:&quot;&quot;,&quot;file&quot;:&quot;Czech&quot;}\" data-merged=\"[{&quot;row&quot;:1,&quot;col&quot;:7,&quot;rowspan&quot;:10,&quot;colspan&quot;:1,&quot;removed&quot;:false},{&quot;row&quot;:1,&quot;col&quot;:6,&quot;rowspan&quot;:10,&quot;colspan&quot;:1,&quot;removed&quot;:false},{&quot;row&quot;:5,&quot;col&quot;:1,&quot;rowspan&quot;:4,&quot;colspan&quot;:1,&quot;removed&quot;:false},{&quot;row&quot;:2,&quot;col&quot;:1,&quot;rowspan&quot;:3,&quot;colspan&quot;:1,&quot;removed&quot;:false},{&quot;row&quot;:3,&quot;col&quot;:2,&quot;rowspan&quot;:4,&quot;colspan&quot;:1,&quot;removed&quot;:false},{&quot;row&quot;:7,&quot;col&quot;:2,&quot;rowspan&quot;:4,&quot;colspan&quot;:1,&quot;removed&quot;:false},{&quot;row&quot;:5,&quot;col&quot;:3,&quot;rowspan&quot;:4,&quot;colspan&quot;:1,&quot;removed&quot;:false},{&quot;row&quot;:2,&quot;col&quot;:3,&quot;rowspan&quot;:3,&quot;colspan&quot;:1,&quot;removed&quot;:false},{&quot;row&quot;:3,&quot;col&quot;:4,&quot;rowspan&quot;:4,&quot;colspan&quot;:1,&quot;removed&quot;:false},{&quot;row&quot;:7,&quot;col&quot;:4,&quot;rowspan&quot;:4,&quot;colspan&quot;:1,&quot;removed&quot;:false},{&quot;row&quot;:5,&quot;col&quot;:5,&quot;rowspan&quot;:4,&quot;colspan&quot;:1,&quot;removed&quot;:false}]\" data-responsive-mode=\"0\" data-from-history=\"0\" style=\"width:auto;\" ><thead><tr><th class=\"\" style=\"width:; padding: 0 !important;\"><\/th><th class=\"\" style=\"width:; padding: 0 !important;\"><\/th><th class=\"\" style=\"width:; padding: 0 !important;\"><\/th><th class=\"\" style=\"width:; padding: 0 !important;\"><\/th><th class=\"\" style=\"width:; padding: 0 !important;\"><\/th><th class=\"\" style=\"width:; padding: 0 !important;\"><\/th><th class=\"\" style=\"width:; padding: 0 !important;\"><\/th><th class=\"\" style=\"width:; padding: 0 !important;\"><\/th><\/tr><\/thead><tbody><tr style=\"height:px\" ><td data-cell-id=\"A1\" data-x=\"0\" data-y=\"1\" data-db-index=\"1\" class=\"htCenter bg-dbdbdb\" data-cell-type=\"text\" data-original-value=\"Herna Kostelec\" data-order=\"Herna Kostelec\" >Herna Kostelec <\/td><td data-cell-id=\"B1\" data-x=\"1\" data-y=\"1\" data-db-index=\"1\" class=\"htCenter bg-dbdbdb\" data-cell-type=\"text\" data-original-value=\"Pond\u011bl\u00ed\" data-order=\"Pond\u011bl\u00ed\" >Pond\u011bl\u00ed <\/td><td data-cell-id=\"C1\" data-x=\"2\" data-y=\"1\" data-db-index=\"1\" class=\"htCenter bg-dbdbdb\" data-cell-type=\"text\" data-original-value=\"\u00dater\u00fd\" data-order=\"\u00dater\u00fd\" >\u00dater\u00fd <\/td><td data-cell-id=\"D1\" data-x=\"3\" data-y=\"1\" data-db-index=\"1\" class=\"htCenter bg-dbdbdb\" data-cell-type=\"text\" data-original-value=\"St\u0159eda\" data-order=\"St\u0159eda\" >St\u0159eda <\/td><td data-cell-id=\"E1\" data-x=\"4\" data-y=\"1\" data-db-index=\"1\" class=\"htCenter bg-dbdbdb\" data-cell-type=\"text\" data-original-value=\"\u010ctvrtek\" data-order=\"\u010ctvrtek\" >\u010ctvrtek <\/td><td data-cell-id=\"F1\" data-x=\"5\" data-y=\"1\" data-db-index=\"1\" class=\"htCenter bg-dbdbdb\" data-cell-type=\"text\" data-original-value=\"P\u00e1tek\" data-order=\"P\u00e1tek\" >P\u00e1tek <\/td><td data-cell-id=\"G1\" data-x=\"6\" data-y=\"1\" data-db-index=\"1\" class=\"htCenter bg-dbdbdb\" data-cell-type=\"text\" data-original-value=\"Sobota\" data-order=\"Sobota\" >Sobota <\/td><td data-cell-id=\"H1\" data-x=\"7\" data-y=\"1\" data-db-index=\"1\" class=\"htCenter bg-dbdbdb\" data-cell-type=\"text\" data-original-value=\"Ned\u011ble\" data-order=\"Ned\u011ble\" >Ned\u011ble <\/td><\/tr><tr style=\"height:px\" ><td data-cell-id=\"A2\" data-x=\"0\" data-y=\"2\" data-db-index=\"2\" class=\"htCenter\" data-cell-type=\"text\" data-original-value=\"15:00-15:30\" data-order=\"15:00-15:30\" >15:00-15:30 <\/td><td data-cell-id=\"B2\" data-x=\"1\" data-y=\"2\" data-db-index=\"2\" class=\"htCenter bold\" data-cell-type=\"text\" data-original-value=\"\" data-order=\"\" ><\/td><td data-cell-id=\"C2\" data-x=\"2\" data-y=\"2\" data-db-index=\"2\" class=\"htCenter bold\" data-cell-type=\"text\" data-original-value=\"\" data-order=\"\" ><\/td><td data-cell-id=\"D2\" data-x=\"3\" data-y=\"2\" data-db-index=\"2\" class=\"htCenter bold\" data-cell-type=\"text\" data-original-value=\"\" data-order=\"\" ><\/td><td data-cell-id=\"E2\" data-x=\"4\" data-y=\"2\" data-db-index=\"2\" class=\"htCenter bold\" data-cell-type=\"text\" data-original-value=\"\" data-order=\"\" ><\/td><td data-cell-id=\"F2\" data-x=\"5\" data-y=\"2\" data-db-index=\"2\" class=\"htCenter bold\" data-cell-type=\"text\" data-original-value=\"\" data-order=\"\" ><\/td><td data-cell-id=\"G2\" data-x=\"6\" data-y=\"2\" data-db-index=\"2\" class=\"htCenter bold\" data-cell-type=\"text\" data-original-value=\"VOLN\u00c9\" data-order=\"VOLN\u00c9\" data-colspan=\"1\" data-rowspan=\"10\" >VOLN\u00c9 <\/td><td data-cell-id=\"H2\" data-x=\"7\" data-y=\"2\" data-db-index=\"2\" class=\"htCenter bold\" data-cell-type=\"text\" data-original-value=\"DOBROVOLN\u00dd TR\u00c9NINK 10-12\" data-order=\"DOBROVOLN\u00dd TR\u00c9NINK 10-12\" data-colspan=\"1\" data-rowspan=\"10\" >DOBROVOLN\u00dd TR\u00c9NINK 10-12 <\/td><\/tr><tr style=\"height:px\" ><td data-cell-id=\"A3\" data-x=\"0\" data-y=\"3\" data-db-index=\"3\" class=\"htCenter\" data-cell-type=\"text\" data-original-value=\"15:30-16:00\" data-order=\"15:30-16:00\" >15:30-16:00 <\/td><td data-cell-id=\"B3\" data-x=\"1\" data-y=\"3\" data-db-index=\"3\" class=\"htCenter bold\" data-cell-type=\"text\" data-original-value=\"ML\u00c1DE\u017d SKUPINA3\" data-order=\"ML\u00c1DE\u017d SKUPINA3\" data-colspan=\"1\" data-rowspan=\"3\" >ML\u00c1DE\u017d SKUPINA3 <\/td><td data-cell-id=\"C3\" data-x=\"2\" data-y=\"3\" data-db-index=\"3\" class=\"htCenter bold\" data-cell-type=\"text\" data-original-value=\"\" data-order=\"\" ><\/td><td data-cell-id=\"D3\" data-x=\"3\" data-y=\"3\" data-db-index=\"3\" class=\"htCenter bold\" data-cell-type=\"text\" data-original-value=\"ML\u00c1DE\u017d SKUPINA3\" data-order=\"ML\u00c1DE\u017d SKUPINA3\" data-colspan=\"1\" data-rowspan=\"3\" >ML\u00c1DE\u017d SKUPINA3 <\/td><td data-cell-id=\"E3\" data-x=\"4\" data-y=\"3\" data-db-index=\"3\" class=\"htCenter bold\" data-cell-type=\"text\" data-original-value=\"\" data-order=\"\" ><\/td><td data-cell-id=\"F3\" data-x=\"5\" data-y=\"3\" data-db-index=\"3\" class=\"htCenter bold\" data-cell-type=\"text\" data-original-value=\"\" data-order=\"\" ><\/td><td data-cell-id=\"G3\" data-x=\"6\" data-y=\"3\" data-db-index=\"3\" class=\"htCenter bold\" data-cell-type=\"text\" data-original-value=\"\" data-order=\"\" data-hide=\"true\" ><\/td><td data-cell-id=\"H3\" data-x=\"7\" data-y=\"3\" data-db-index=\"3\" class=\"htCenter bold\" data-cell-type=\"text\" data-original-value=\"\" data-order=\"\" data-hide=\"true\" ><\/td><\/tr><tr style=\"height:px\" ><td data-cell-id=\"A4\" data-x=\"0\" data-y=\"4\" data-db-index=\"4\" class=\"htCenter\" data-cell-type=\"text\" data-original-value=\"16:00-16:30\" data-order=\"16:00-16:30\" >16:00-16:30 <\/td><td data-cell-id=\"B4\" data-x=\"1\" data-y=\"4\" data-db-index=\"4\" class=\"htCenter bold\" data-cell-type=\"text\" data-original-value=\"\" data-order=\"\" data-hide=\"true\" ><\/td><td data-cell-id=\"C4\" data-x=\"2\" data-y=\"4\" data-db-index=\"4\" class=\"htCenter bold\" data-cell-type=\"text\" data-original-value=\"DOSP\u011aL\u00cd KP2-OKRES\" data-order=\"DOSP\u011aL\u00cd KP2-OKRES\" data-colspan=\"1\" data-rowspan=\"4\" >DOSP\u011aL\u00cd KP2-OKRES <\/td><td data-cell-id=\"D4\" data-x=\"3\" data-y=\"4\" data-db-index=\"4\" class=\"htCenter bold\" data-cell-type=\"text\" data-original-value=\"\" data-order=\"\" data-hide=\"true\" ><\/td><td data-cell-id=\"E4\" data-x=\"4\" data-y=\"4\" data-db-index=\"4\" class=\"htCenter bold\" data-cell-type=\"text\" data-original-value=\"DOSP\u011aL\u00cd KP2-OKRES\" data-order=\"DOSP\u011aL\u00cd KP2-OKRES\" data-colspan=\"1\" data-rowspan=\"4\" >DOSP\u011aL\u00cd KP2-OKRES <\/td><td data-cell-id=\"F4\" data-x=\"5\" data-y=\"4\" data-db-index=\"4\" class=\"htCenter bold\" data-cell-type=\"text\" data-original-value=\"\" data-order=\"\" ><\/td><td data-cell-id=\"G4\" data-x=\"6\" data-y=\"4\" data-db-index=\"4\" class=\"htCenter bold\" data-cell-type=\"text\" data-original-value=\"\" data-order=\"\" data-hide=\"true\" ><\/td><td data-cell-id=\"H4\" data-x=\"7\" data-y=\"4\" data-db-index=\"4\" class=\"htCenter bold\" data-cell-type=\"text\" data-original-value=\"\" data-order=\"\" data-hide=\"true\" ><\/td><\/tr><tr style=\"height:px\" ><td data-cell-id=\"A5\" data-x=\"0\" data-y=\"5\" data-db-index=\"5\" class=\"htCenter\" data-cell-type=\"text\" data-original-value=\"16:30-17:00\" data-order=\"16:30-17:00\" >16:30-17:00 <\/td><td data-cell-id=\"B5\" data-x=\"1\" data-y=\"5\" data-db-index=\"5\" class=\"htCenter bold\" data-cell-type=\"text\" data-original-value=\"\" data-order=\"\" data-hide=\"true\" ><\/td><td data-cell-id=\"C5\" data-x=\"2\" data-y=\"5\" data-db-index=\"5\" class=\"htCenter bold\" data-cell-type=\"text\" data-original-value=\"\" data-order=\"\" data-hide=\"true\" ><\/td><td data-cell-id=\"D5\" data-x=\"3\" data-y=\"5\" data-db-index=\"5\" class=\"htCenter bold\" data-cell-type=\"text\" data-original-value=\"\" data-order=\"\" data-hide=\"true\" ><\/td><td data-cell-id=\"E5\" data-x=\"4\" data-y=\"5\" data-db-index=\"5\" class=\"htCenter bold\" data-cell-type=\"text\" data-original-value=\"\" data-order=\"\" data-hide=\"true\" ><\/td><td data-cell-id=\"F5\" data-x=\"5\" data-y=\"5\" data-db-index=\"5\" class=\"htCenter bold\" data-cell-type=\"text\" data-original-value=\"\" data-order=\"\" ><\/td><td data-cell-id=\"G5\" data-x=\"6\" data-y=\"5\" data-db-index=\"5\" class=\"htCenter bold\" data-cell-type=\"text\" data-original-value=\"\" data-order=\"\" data-hide=\"true\" ><\/td><td data-cell-id=\"H5\" data-x=\"7\" data-y=\"5\" data-db-index=\"5\" class=\"htCenter bold\" data-cell-type=\"text\" data-original-value=\"\" data-order=\"\" data-hide=\"true\" ><\/td><\/tr><tr style=\"height:px\" ><td data-cell-id=\"A6\" data-x=\"0\" data-y=\"6\" data-db-index=\"6\" class=\"htCenter\" data-cell-type=\"text\" data-original-value=\"17:00-17:30\" data-order=\"17:00-17:30\" >17:00-17:30 <\/td><td data-cell-id=\"B6\" data-x=\"1\" data-y=\"6\" data-db-index=\"6\" class=\"htCenter bold\" data-cell-type=\"text\" data-original-value=\"ML\u00c1DE\u017d SKUPINA2\" data-order=\"ML\u00c1DE\u017d SKUPINA2\" data-colspan=\"1\" data-rowspan=\"4\" >ML\u00c1DE\u017d SKUPINA2 <\/td><td data-cell-id=\"C6\" data-x=\"2\" data-y=\"6\" data-db-index=\"6\" class=\"htCenter bold\" data-cell-type=\"text\" data-original-value=\"\" data-order=\"\" data-hide=\"true\" ><\/td><td data-cell-id=\"D6\" data-x=\"3\" data-y=\"6\" data-db-index=\"6\" class=\"htCenter bold\" data-cell-type=\"text\" data-original-value=\"ML\u00c1DE\u017d SKUPINA2\" data-order=\"ML\u00c1DE\u017d SKUPINA2\" data-colspan=\"1\" data-rowspan=\"4\" >ML\u00c1DE\u017d SKUPINA2 <\/td><td data-cell-id=\"E6\" data-x=\"4\" data-y=\"6\" data-db-index=\"6\" class=\"htCenter bold\" data-cell-type=\"text\" data-original-value=\"\" data-order=\"\" data-hide=\"true\" ><\/td><td data-cell-id=\"F6\" data-x=\"5\" data-y=\"6\" data-db-index=\"6\" class=\"htCenter bold\" data-cell-type=\"text\" data-original-value=\"ML\u00c1DE\u017d SKUPINA2\" data-order=\"ML\u00c1DE\u017d SKUPINA2\" data-colspan=\"1\" data-rowspan=\"4\" >ML\u00c1DE\u017d SKUPINA2 <\/td><td data-cell-id=\"G6\" data-x=\"6\" data-y=\"6\" data-db-index=\"6\" class=\"htCenter bold\" data-cell-type=\"text\" data-original-value=\"\" data-order=\"\" data-hide=\"true\" ><\/td><td data-cell-id=\"H6\" data-x=\"7\" data-y=\"6\" data-db-index=\"6\" class=\"htCenter bold\" data-cell-type=\"text\" data-original-value=\"\" data-order=\"\" data-hide=\"true\" ><\/td><\/tr><tr style=\"height:px\" ><td data-cell-id=\"A7\" data-x=\"0\" data-y=\"7\" data-db-index=\"7\" class=\"htCenter\" data-cell-type=\"text\" data-original-value=\"17:30-18:00\" data-order=\"17:30-18:00\" >17:30-18:00 <\/td><td data-cell-id=\"B7\" data-x=\"1\" data-y=\"7\" data-db-index=\"7\" class=\"htCenter bold\" data-cell-type=\"text\" data-original-value=\"\" data-order=\"\" data-hide=\"true\" ><\/td><td data-cell-id=\"C7\" data-x=\"2\" data-y=\"7\" data-db-index=\"7\" class=\"htCenter bold\" data-cell-type=\"text\" data-original-value=\"\" data-order=\"\" data-hide=\"true\" ><\/td><td data-cell-id=\"D7\" data-x=\"3\" data-y=\"7\" data-db-index=\"7\" class=\"htCenter bold\" data-cell-type=\"text\" data-original-value=\"\" data-order=\"\" data-hide=\"true\" ><\/td><td data-cell-id=\"E7\" data-x=\"4\" data-y=\"7\" data-db-index=\"7\" class=\"htCenter bold\" data-cell-type=\"text\" data-original-value=\"\" data-order=\"\" data-hide=\"true\" ><\/td><td data-cell-id=\"F7\" data-x=\"5\" data-y=\"7\" data-db-index=\"7\" class=\"htCenter bold\" data-cell-type=\"text\" data-original-value=\"\" data-order=\"\" data-hide=\"true\" ><\/td><td data-cell-id=\"G7\" data-x=\"6\" data-y=\"7\" data-db-index=\"7\" class=\"htCenter bold\" data-cell-type=\"text\" data-original-value=\"\" data-order=\"\" data-hide=\"true\" ><\/td><td data-cell-id=\"H7\" data-x=\"7\" data-y=\"7\" data-db-index=\"7\" class=\"htCenter bold\" data-cell-type=\"text\" data-original-value=\"\" data-order=\"\" data-hide=\"true\" ><\/td><\/tr><tr style=\"height:px\" ><td data-cell-id=\"A8\" data-x=\"0\" data-y=\"8\" data-db-index=\"8\" class=\"htCenter\" data-cell-type=\"text\" data-original-value=\"18:00-18:30\" data-order=\"18:00-18:30\" >18:00-18:30 <\/td><td data-cell-id=\"B8\" data-x=\"1\" data-y=\"8\" data-db-index=\"8\" class=\"htCenter bold\" data-cell-type=\"text\" data-original-value=\"\" data-order=\"\" data-hide=\"true\" ><\/td><td data-cell-id=\"C8\" data-x=\"2\" data-y=\"8\" data-db-index=\"8\" class=\"htCenter bold\" data-cell-type=\"text\" data-original-value=\"DOSP\u011aL\u00cd DIVIZE- KRAJ1\" data-order=\"DOSP\u011aL\u00cd DIVIZE- KRAJ1\" data-colspan=\"1\" data-rowspan=\"4\" >DOSP\u011aL\u00cd DIVIZE- KRAJ1 <\/td><td data-cell-id=\"D8\" data-x=\"3\" data-y=\"8\" data-db-index=\"8\" class=\"htCenter bold\" data-cell-type=\"text\" data-original-value=\"\" data-order=\"\" data-hide=\"true\" ><\/td><td data-cell-id=\"E8\" data-x=\"4\" data-y=\"8\" data-db-index=\"8\" class=\"htCenter bold\" data-cell-type=\"text\" data-original-value=\"DOSP\u011aL\u00cd DIVIZE- KRAJ1\" data-order=\"DOSP\u011aL\u00cd DIVIZE- KRAJ1\" data-colspan=\"1\" data-rowspan=\"4\" >DOSP\u011aL\u00cd DIVIZE- KRAJ1 <\/td><td data-cell-id=\"F8\" data-x=\"5\" data-y=\"8\" data-db-index=\"8\" class=\"htCenter bold\" data-cell-type=\"text\" data-original-value=\"\" data-order=\"\" data-hide=\"true\" ><\/td><td data-cell-id=\"G8\" data-x=\"6\" data-y=\"8\" data-db-index=\"8\" class=\"htCenter bold\" data-cell-type=\"text\" data-original-value=\"\" data-order=\"\" data-hide=\"true\" ><\/td><td data-cell-id=\"H8\" data-x=\"7\" data-y=\"8\" data-db-index=\"8\" class=\"htCenter bold\" data-cell-type=\"text\" data-original-value=\"\" data-order=\"\" data-hide=\"true\" ><\/td><\/tr><tr style=\"height:px\" ><td data-cell-id=\"A9\" data-x=\"0\" data-y=\"9\" data-db-index=\"9\" class=\"htCenter\" data-cell-type=\"text\" data-original-value=\"18:30-19:00\" data-order=\"18:30-19:00\" >18:30-19:00 <\/td><td data-cell-id=\"B9\" data-x=\"1\" data-y=\"9\" data-db-index=\"9\" class=\"htCenter bold\" data-cell-type=\"text\" data-original-value=\"\" data-order=\"\" data-hide=\"true\" ><\/td><td data-cell-id=\"C9\" data-x=\"2\" data-y=\"9\" data-db-index=\"9\" class=\"htCenter bold\" data-cell-type=\"text\" data-original-value=\"\" data-order=\"\" data-hide=\"true\" ><\/td><td data-cell-id=\"D9\" data-x=\"3\" data-y=\"9\" data-db-index=\"9\" class=\"htCenter bold\" data-cell-type=\"text\" data-original-value=\"\" data-order=\"\" data-hide=\"true\" ><\/td><td data-cell-id=\"E9\" data-x=\"4\" data-y=\"9\" data-db-index=\"9\" class=\"htCenter bold\" data-cell-type=\"text\" data-original-value=\"\" data-order=\"\" data-hide=\"true\" ><\/td><td data-cell-id=\"F9\" data-x=\"5\" data-y=\"9\" data-db-index=\"9\" class=\"htCenter bold\" data-cell-type=\"text\" data-original-value=\"\" data-order=\"\" data-hide=\"true\" ><\/td><td data-cell-id=\"G9\" data-x=\"6\" data-y=\"9\" data-db-index=\"9\" class=\"htCenter bold\" data-cell-type=\"text\" data-original-value=\"\" data-order=\"\" data-hide=\"true\" ><\/td><td data-cell-id=\"H9\" data-x=\"7\" data-y=\"9\" data-db-index=\"9\" class=\"htCenter bold\" data-cell-type=\"text\" data-original-value=\"\" data-order=\"\" data-hide=\"true\" ><\/td><\/tr><tr style=\"height:px\" ><td data-cell-id=\"A10\" data-x=\"0\" data-y=\"10\" data-db-index=\"10\" class=\"htCenter\" data-cell-type=\"text\" data-original-value=\"19:00-19:30\" data-order=\"19:00-19:30\" >19:00-19:30 <\/td><td data-cell-id=\"B10\" data-x=\"1\" data-y=\"10\" data-db-index=\"10\" class=\"htCenter bold\" data-cell-type=\"text\" data-original-value=\"\" data-order=\"\" ><\/td><td data-cell-id=\"C10\" data-x=\"2\" data-y=\"10\" data-db-index=\"10\" class=\"htCenter bold\" data-cell-type=\"text\" data-original-value=\"\" data-order=\"\" data-hide=\"true\" ><\/td><td data-cell-id=\"D10\" data-x=\"3\" data-y=\"10\" data-db-index=\"10\" class=\"htCenter bold\" data-cell-type=\"text\" data-original-value=\"\" data-order=\"\" ><\/td><td data-cell-id=\"E10\" data-x=\"4\" data-y=\"10\" data-db-index=\"10\" class=\"htCenter bold\" data-cell-type=\"text\" data-original-value=\"\" data-order=\"\" data-hide=\"true\" ><\/td><td data-cell-id=\"F10\" data-x=\"5\" data-y=\"10\" data-db-index=\"10\" class=\"htCenter bold\" data-cell-type=\"text\" data-original-value=\"\" data-order=\"\" ><\/td><td data-cell-id=\"G10\" data-x=\"6\" data-y=\"10\" data-db-index=\"10\" class=\"htCenter bold\" data-cell-type=\"text\" data-original-value=\"\" data-order=\"\" data-hide=\"true\" ><\/td><td data-cell-id=\"H10\" data-x=\"7\" data-y=\"10\" data-db-index=\"10\" class=\"htCenter bold\" data-cell-type=\"text\" data-original-value=\"\" data-order=\"\" data-hide=\"true\" ><\/td><\/tr><tr style=\"height:px\" ><td data-cell-id=\"A11\" data-x=\"0\" data-y=\"11\" data-db-index=\"11\" class=\"htCenter\" data-cell-type=\"text\" data-original-value=\"19:30-20:00\" data-order=\"19:30-20:00\" >19:30-20:00 <\/td><td data-cell-id=\"B11\" data-x=\"1\" data-y=\"11\" data-db-index=\"11\" class=\"htCenter bold\" data-cell-type=\"text\" data-original-value=\"\" data-order=\"\" ><\/td><td data-cell-id=\"C11\" data-x=\"2\" data-y=\"11\" data-db-index=\"11\" class=\"htCenter bold\" data-cell-type=\"text\" data-original-value=\"\" data-order=\"\" data-hide=\"true\" ><\/td><td data-cell-id=\"D11\" data-x=\"3\" data-y=\"11\" data-db-index=\"11\" class=\"htCenter bold\" data-cell-type=\"text\" data-original-value=\"\" data-order=\"\" ><\/td><td data-cell-id=\"E11\" data-x=\"4\" data-y=\"11\" data-db-index=\"11\" class=\"htCenter bold\" data-cell-type=\"text\" data-original-value=\"\" data-order=\"\" data-hide=\"true\" ><\/td><td data-cell-id=\"F11\" data-x=\"5\" data-y=\"11\" data-db-index=\"11\" class=\"htCenter bold\" data-cell-type=\"text\" data-original-value=\"\" data-order=\"\" ><\/td><td data-cell-id=\"G11\" data-x=\"6\" data-y=\"11\" data-db-index=\"11\" class=\"htCenter bold\" data-cell-type=\"text\" data-original-value=\"\" data-order=\"\" data-hide=\"true\" ><\/td><td data-cell-id=\"H11\" data-x=\"7\" data-y=\"11\" data-db-index=\"11\" class=\"htCenter bold\" data-cell-type=\"text\" data-original-value=\"\" data-order=\"\" data-hide=\"true\" ><\/td><\/tr><\/tbody><\/table><!-- \/#supsystic-table-1.supsystic-table --><\/div><!-- \/.supsystic-tables-wrap --><!-- Tables Generator by Supsystic --><!-- Version:1.11.0 --><!-- http:\/\/supsystic.com\/ --><a title=\"WordPress Responsive Table\" style=\"display:none;\" href=\"https:\/\/supsystic.com\/plugins\/wordpress-data-table-plugin\/?utm_medium=love_link\" target=\"_blank\">WordPress Responsive Table<\/a>\n","protected":false},"excerpt":{"rendered":"<p>Herna TJ Sokol Kostelec L\u00e1ze\u0148sk\u00e1 412, 763 14 Zl\u00edn, Czech Republic<\/p>\n","protected":false},"author":1,"featured_media":0,"parent":94,"menu_order":1,"comment_status":"closed","ping_status":"closed","template":"","meta":{"footnotes":""},"class_list":["post-96","page","type-page","status-publish","hentry"],"_links":{"self":[{"href":"http:\/\/tjkostelec.cz\/index.php?rest_route=\/wp\/v2\/pages\/96","targetHints":{"allow":["GET"]}}],"collection":[{"href":"http:\/\/tjkostelec.cz\/index.php?rest_route=\/wp\/v2\/pages"}],"about":[{"href":"http:\/\/tjkostelec.cz\/index.php?rest_route=\/wp\/v2\/types\/page"}],"author":[{"embeddable":true,"href":"http:\/\/tjkostelec.cz\/index.php?rest_route=\/wp\/v2\/users\/1"}],"replies":[{"embeddable":true,"href":"http:\/\/tjkostelec.cz\/index.php?rest_route=%2Fwp%2Fv2%2Fcomments&post=96"}],"version-history":[{"count":25,"href":"http:\/\/tjkostelec.cz\/index.php?rest_route=\/wp\/v2\/pages\/96\/revisions"}],"predecessor-version":[{"id":3835,"href":"http:\/\/tjkostelec.cz\/index.php?rest_route=\/wp\/v2\/pages\/96\/revisions\/3835"}],"up":[{"embeddable":true,"href":"http:\/\/tjkostelec.cz\/index.php?rest_route=\/wp\/v2\/pages\/94"}],"wp:attachment":[{"href":"http:\/\/tjkostelec.cz\/index.php?rest_route=%2Fwp%2Fv2%2Fmedia&parent=96"}],"curies":[{"name":"wp","href":"https:\/\/api.w.org\/{rel}","templated":true}]}}