{"id":75,"date":"2017-08-28T00:36:24","date_gmt":"2017-08-27T22:36:24","guid":{"rendered":"http:\/\/tjkostelec.cz\/?page_id=75"},"modified":"2023-02-17T20:59:15","modified_gmt":"2023-02-17T19:59:15","slug":"mladez","status":"publish","type":"page","link":"http:\/\/tjkostelec.cz\/?page_id=75","title":{"rendered":"Ml\u00e1de\u017e"},"content":{"rendered":"<p><a href=\"http:\/\/tjkostelec.cz\/?p=2800\">N\u00c1BOR ML\u00c1DE\u017dE!!!<\/a><\/p>\n<p>Pokud chcete nejen mezi na\u0161i ml\u00e1de\u017e, p\u0159ihla\u0161te se <a href=\"http:\/\/tjkostelec.cz\/?page_id=79\">ZDE<\/a>\u00a0nebo\u00a0dojd\u011bte se pod\u00edvat k n\u00e1m do herny v <a href=\"http:\/\/tjkostelec.cz\/?page_id=96\">Kostelci.<\/a><\/p>\n<p>Ml\u00e1de\u017e je vychov\u00e1v\u00e1na pod dohledem dvou zku\u0161en\u00fdch tren\u00e9r\u016f, kte\u0159\u00ed maj\u00ed k\u00a0dispozici robota, na kter\u00e9m se u\u010d\u00ed na\u0161i nejmen\u0161\u00ed techniku \u00fader\u016f a n\u00e1sledn\u011b tr\u00e9nuj\u00ed spolu na stolech a zdokonaluj\u00ed se pomoc\u00ed r\u016fzn\u00fdch hern\u00edch kombinac\u00ed.<\/p>\n<p>Odd\u00edl si zakl\u00e1d\u00e1 na p\u0159\u00e1telsk\u00e9m prost\u0159ed\u00ed, tak aby se na\u0161e d\u011bti t\u011b\u0161ily na tr\u00e9nink a hra je bavila. Nejsme v\u0161ak krou\u017eek, ale z\u00e1vodn\u00ed odd\u00edl, d\u011bti jezd\u00ed na krajsk\u00e9 a celost\u00e1tn\u00ed turnaje a hraj\u00ed mistrovsk\u00e9 z\u00e1pasy.<\/p>\n<p>Kdo by m\u011bl z\u00e1jem se k\u00a0n\u00e1m p\u0159idat a pos\u00edlit na\u0161e \u0159ady, a\u0165 nev\u00e1h\u00e1 kontaktovat jednoho z\u00a0tren\u00e9r\u016f:<br \/>\nMiroslav Karal \u2013 603\u00a0572\u00a0401 (za\u010d\u00e1te\u010dn\u00edci + m\u00edrn\u011b pokro\u010dil\u00ed)<br \/>\nMartin Karal \u2013 731\u00a0167\u00a0887 (z\u00e1vodn\u00ed skupina)<\/p>\n<p><span style=\"text-decoration: underline;\">Rozpis tr\u00e9nink\u016f<\/span><\/p>\n<p><strong>PO:<br \/>\n<\/strong>P\u0159\u00edpravka \u2013 15:30-17:00 (herna v Kostelci)<br \/>\nZ\u00e1vodn\u00ed skupina \u2013 17:00-19:00 (herna v Kostelci)<\/p>\n<p><strong>ST:<br \/>\n<\/strong>P\u0159\u00edpravka \u2013 15:30-17:00 (herna v Kostelci)<br \/>\nZ\u00e1vodn\u00ed skupina \u2013 17:00-19:00 (herna v Kostelci)<\/p>\n<p><strong>P\u00c1:<\/strong><br \/>\nP\u0159\u00edpravka \u2013 15:30-17:00 (herna v Kostelci)<br \/>\nZ\u00e1vodn\u00ed skupina \u2013 17:00-19:00 (herna v Kostelci)<\/p>\n<div id=\"pfg-gallery-3852\" class=\"pfg-gallery-wrapper pfg-loading pfg-template-photography\" data-gallery-id=\"3852\" data-multi-select=\"false\" data-filter-logic=\"or\" data-filter-hierarchy=\"[]\" data-url-param=\"filter\" data-version=\"2.1.5\" data-lightbox-title=\"true\" data-lightbox-description=\"false\" data-show-preloader=\"true\" data-image-links=\"false\"><div class=\"pfg-preloader\"><div class=\"pfg-preloader-spinner\"><\/div><span class=\"pfg-preloader-text\">Loading...<\/span><\/div><div class=\"pfg-grid pfg-grid--masonry pfg-grid--grayscale\" style=\"--pfg-gap: 20px; --pfg-border-radius: 0px; --pfg-radius: 0px; --pfg-overlay-color: rgba(0, 0, 0, 0.7); --pfg-primary-color: #3858e9; --pfg-caption-text: #1e293b; --pfg-caption-bg: #ffffff\"><div class=\"pfg-item  pfg-item-hover--hvr-glow\" data-id=\"2791\"><span class=\"pfg-item-type-icon pfg-item-type-icon--link\" title=\"External Link\"><svg xmlns=\"http:\/\/www.w3.org\/2000\/svg\" viewBox=\"0 0 24 24\" fill=\"currentColor\" width=\"14\" height=\"14\"><path d=\"M19 19H5V5h7V3H5c-1.11 0-2 .9-2 2v14c0 1.1.89 2 2 2h14c1.1 0 2-.9 2-2v-7h-2v7zM14 3v2h3.59l-9.83 9.83 1.41 1.41L19 6.41V10h2V3h-7z\"\/><\/svg><\/span><a href=\"http:\/\/tjkostelec.cz\/wp-content\/uploads\/2021\/07\/velke10.jpg\" class=\"pfg-item-link\" target=\"_self\" rel=\"noopener\"><img src=\"http:\/\/tjkostelec.cz\/wp-content\/uploads\/2021\/07\/velke10-1024x683.jpg\" srcset=\"http:\/\/tjkostelec.cz\/wp-content\/uploads\/2021\/07\/velke10-1024x683.jpg 1024w, http:\/\/tjkostelec.cz\/wp-content\/uploads\/2021\/07\/velke10-300x200.jpg 300w, http:\/\/tjkostelec.cz\/wp-content\/uploads\/2021\/07\/velke10-768x512.jpg 768w, http:\/\/tjkostelec.cz\/wp-content\/uploads\/2021\/07\/velke10-600x400.jpg 600w, http:\/\/tjkostelec.cz\/wp-content\/uploads\/2021\/07\/velke10-1536x1024.jpg 1536w, http:\/\/tjkostelec.cz\/wp-content\/uploads\/2021\/07\/velke10-128x85.jpg 128w, http:\/\/tjkostelec.cz\/wp-content\/uploads\/2021\/07\/velke10-32x21.jpg 32w, http:\/\/tjkostelec.cz\/wp-content\/uploads\/2021\/07\/velke10.jpg 2048w\" sizes=\"(min-width: 1200px) 50vw, (min-width: 992px) 50vw, (min-width: 768px) 50vw, 50vw\" alt=\"velke10\" loading=\"eager\" decoding=\"async\" class=\"pfg-item-image\"><\/a><\/div><div class=\"pfg-item  pfg-item-hover--hvr-glow\" data-id=\"2796\"><span class=\"pfg-item-type-icon pfg-item-type-icon--link\" title=\"External Link\"><svg xmlns=\"http:\/\/www.w3.org\/2000\/svg\" viewBox=\"0 0 24 24\" fill=\"currentColor\" width=\"14\" height=\"14\"><path d=\"M19 19H5V5h7V3H5c-1.11 0-2 .9-2 2v14c0 1.1.89 2 2 2h14c1.1 0 2-.9 2-2v-7h-2v7zM14 3v2h3.59l-9.83 9.83 1.41 1.41L19 6.41V10h2V3h-7z\"\/><\/svg><\/span><a href=\"http:\/\/tjkostelec.cz\/wp-content\/uploads\/2021\/07\/velke07.jpg\" class=\"pfg-item-link\" target=\"_self\" rel=\"noopener\"><img src=\"http:\/\/tjkostelec.cz\/wp-content\/uploads\/2021\/07\/velke07-1024x683.jpg\" srcset=\"http:\/\/tjkostelec.cz\/wp-content\/uploads\/2021\/07\/velke07-1024x683.jpg 1024w, http:\/\/tjkostelec.cz\/wp-content\/uploads\/2021\/07\/velke07-300x200.jpg 300w, http:\/\/tjkostelec.cz\/wp-content\/uploads\/2021\/07\/velke07-768x512.jpg 768w, http:\/\/tjkostelec.cz\/wp-content\/uploads\/2021\/07\/velke07-600x400.jpg 600w, http:\/\/tjkostelec.cz\/wp-content\/uploads\/2021\/07\/velke07-1536x1024.jpg 1536w, http:\/\/tjkostelec.cz\/wp-content\/uploads\/2021\/07\/velke07-128x85.jpg 128w, http:\/\/tjkostelec.cz\/wp-content\/uploads\/2021\/07\/velke07-32x21.jpg 32w, http:\/\/tjkostelec.cz\/wp-content\/uploads\/2021\/07\/velke07.jpg 2048w\" sizes=\"(min-width: 1200px) 50vw, (min-width: 992px) 50vw, (min-width: 768px) 50vw, 50vw\" alt=\"velke07\" loading=\"eager\" decoding=\"async\" class=\"pfg-item-image\"><\/a><\/div><div class=\"pfg-item  pfg-item-hover--hvr-glow\" data-id=\"2797\"><span class=\"pfg-item-type-icon pfg-item-type-icon--link\" title=\"External Link\"><svg xmlns=\"http:\/\/www.w3.org\/2000\/svg\" viewBox=\"0 0 24 24\" fill=\"currentColor\" width=\"14\" height=\"14\"><path d=\"M19 19H5V5h7V3H5c-1.11 0-2 .9-2 2v14c0 1.1.89 2 2 2h14c1.1 0 2-.9 2-2v-7h-2v7zM14 3v2h3.59l-9.83 9.83 1.41 1.41L19 6.41V10h2V3h-7z\"\/><\/svg><\/span><a href=\"http:\/\/tjkostelec.cz\/wp-content\/uploads\/2021\/07\/velke06.jpg\" class=\"pfg-item-link\" target=\"_self\" rel=\"noopener\"><img src=\"http:\/\/tjkostelec.cz\/wp-content\/uploads\/2021\/07\/velke06.jpg\" srcset=\"http:\/\/tjkostelec.cz\/wp-content\/uploads\/2021\/07\/velke06.jpg 1024w, http:\/\/tjkostelec.cz\/wp-content\/uploads\/2021\/07\/velke06-300x200.jpg 300w, http:\/\/tjkostelec.cz\/wp-content\/uploads\/2021\/07\/velke06-768x512.jpg 768w, http:\/\/tjkostelec.cz\/wp-content\/uploads\/2021\/07\/velke06-600x400.jpg 600w, http:\/\/tjkostelec.cz\/wp-content\/uploads\/2021\/07\/velke06-128x85.jpg 128w, http:\/\/tjkostelec.cz\/wp-content\/uploads\/2021\/07\/velke06-32x21.jpg 32w\" sizes=\"(min-width: 1200px) 50vw, (min-width: 992px) 50vw, (min-width: 768px) 50vw, 50vw\" alt=\"velke06\" loading=\"eager\" decoding=\"async\" class=\"pfg-item-image\"><\/a><\/div><div class=\"pfg-item  pfg-item-hover--hvr-glow\" data-id=\"2793\"><span class=\"pfg-item-type-icon pfg-item-type-icon--link\" title=\"External Link\"><svg xmlns=\"http:\/\/www.w3.org\/2000\/svg\" viewBox=\"0 0 24 24\" fill=\"currentColor\" width=\"14\" height=\"14\"><path d=\"M19 19H5V5h7V3H5c-1.11 0-2 .9-2 2v14c0 1.1.89 2 2 2h14c1.1 0 2-.9 2-2v-7h-2v7zM14 3v2h3.59l-9.83 9.83 1.41 1.41L19 6.41V10h2V3h-7z\"\/><\/svg><\/span><a href=\"http:\/\/tjkostelec.cz\/wp-content\/uploads\/2021\/07\/velke03.jpg\" class=\"pfg-item-link\" target=\"_self\" rel=\"noopener\"><img src=\"http:\/\/tjkostelec.cz\/wp-content\/uploads\/2021\/07\/velke03-1024x683.jpg\" srcset=\"http:\/\/tjkostelec.cz\/wp-content\/uploads\/2021\/07\/velke03-1024x683.jpg 1024w, http:\/\/tjkostelec.cz\/wp-content\/uploads\/2021\/07\/velke03-300x200.jpg 300w, http:\/\/tjkostelec.cz\/wp-content\/uploads\/2021\/07\/velke03-768x512.jpg 768w, http:\/\/tjkostelec.cz\/wp-content\/uploads\/2021\/07\/velke03-600x400.jpg 600w, http:\/\/tjkostelec.cz\/wp-content\/uploads\/2021\/07\/velke03-1536x1024.jpg 1536w, http:\/\/tjkostelec.cz\/wp-content\/uploads\/2021\/07\/velke03-128x85.jpg 128w, http:\/\/tjkostelec.cz\/wp-content\/uploads\/2021\/07\/velke03-32x21.jpg 32w, http:\/\/tjkostelec.cz\/wp-content\/uploads\/2021\/07\/velke03.jpg 2048w\" sizes=\"(min-width: 1200px) 50vw, (min-width: 992px) 50vw, (min-width: 768px) 50vw, 50vw\" alt=\"velke03\" loading=\"eager\" decoding=\"async\" class=\"pfg-item-image\"><\/a><\/div><div class=\"pfg-item  pfg-item-hover--hvr-glow\" data-id=\"2795\"><span class=\"pfg-item-type-icon pfg-item-type-icon--link\" title=\"External Link\"><svg xmlns=\"http:\/\/www.w3.org\/2000\/svg\" viewBox=\"0 0 24 24\" fill=\"currentColor\" width=\"14\" height=\"14\"><path d=\"M19 19H5V5h7V3H5c-1.11 0-2 .9-2 2v14c0 1.1.89 2 2 2h14c1.1 0 2-.9 2-2v-7h-2v7zM14 3v2h3.59l-9.83 9.83 1.41 1.41L19 6.41V10h2V3h-7z\"\/><\/svg><\/span><a href=\"http:\/\/tjkostelec.cz\/wp-content\/uploads\/2021\/07\/velke05.jpg\" class=\"pfg-item-link\" target=\"_self\" rel=\"noopener\"><img src=\"http:\/\/tjkostelec.cz\/wp-content\/uploads\/2021\/07\/velke05.jpg\" srcset=\"http:\/\/tjkostelec.cz\/wp-content\/uploads\/2021\/07\/velke05.jpg 1024w, http:\/\/tjkostelec.cz\/wp-content\/uploads\/2021\/07\/velke05-300x200.jpg 300w, http:\/\/tjkostelec.cz\/wp-content\/uploads\/2021\/07\/velke05-768x512.jpg 768w, http:\/\/tjkostelec.cz\/wp-content\/uploads\/2021\/07\/velke05-600x400.jpg 600w, http:\/\/tjkostelec.cz\/wp-content\/uploads\/2021\/07\/velke05-128x85.jpg 128w, http:\/\/tjkostelec.cz\/wp-content\/uploads\/2021\/07\/velke05-32x21.jpg 32w\" sizes=\"(min-width: 1200px) 50vw, (min-width: 992px) 50vw, (min-width: 768px) 50vw, 50vw\" alt=\"velke05\" loading=\"lazy\" decoding=\"async\" class=\"pfg-item-image\"><\/a><\/div><div class=\"pfg-item  pfg-item-hover--hvr-glow\" data-id=\"2794\"><span class=\"pfg-item-type-icon pfg-item-type-icon--link\" title=\"External Link\"><svg xmlns=\"http:\/\/www.w3.org\/2000\/svg\" viewBox=\"0 0 24 24\" fill=\"currentColor\" width=\"14\" height=\"14\"><path d=\"M19 19H5V5h7V3H5c-1.11 0-2 .9-2 2v14c0 1.1.89 2 2 2h14c1.1 0 2-.9 2-2v-7h-2v7zM14 3v2h3.59l-9.83 9.83 1.41 1.41L19 6.41V10h2V3h-7z\"\/><\/svg><\/span><a href=\"http:\/\/tjkostelec.cz\/wp-content\/uploads\/2021\/07\/velke04.jpg\" class=\"pfg-item-link\" target=\"_self\" rel=\"noopener\"><img src=\"http:\/\/tjkostelec.cz\/wp-content\/uploads\/2021\/07\/velke04-1024x683.jpg\" srcset=\"http:\/\/tjkostelec.cz\/wp-content\/uploads\/2021\/07\/velke04-1024x683.jpg 1024w, http:\/\/tjkostelec.cz\/wp-content\/uploads\/2021\/07\/velke04-300x200.jpg 300w, http:\/\/tjkostelec.cz\/wp-content\/uploads\/2021\/07\/velke04-768x512.jpg 768w, http:\/\/tjkostelec.cz\/wp-content\/uploads\/2021\/07\/velke04-600x400.jpg 600w, http:\/\/tjkostelec.cz\/wp-content\/uploads\/2021\/07\/velke04-1536x1024.jpg 1536w, http:\/\/tjkostelec.cz\/wp-content\/uploads\/2021\/07\/velke04-128x85.jpg 128w, http:\/\/tjkostelec.cz\/wp-content\/uploads\/2021\/07\/velke04-32x21.jpg 32w, http:\/\/tjkostelec.cz\/wp-content\/uploads\/2021\/07\/velke04.jpg 2048w\" sizes=\"(min-width: 1200px) 50vw, (min-width: 992px) 50vw, (min-width: 768px) 50vw, 50vw\" alt=\"velke04\" loading=\"lazy\" decoding=\"async\" class=\"pfg-item-image\"><\/a><\/div><div class=\"pfg-item  pfg-item-hover--hvr-glow\" data-id=\"2785\"><span class=\"pfg-item-type-icon pfg-item-type-icon--link\" title=\"External Link\"><svg xmlns=\"http:\/\/www.w3.org\/2000\/svg\" viewBox=\"0 0 24 24\" fill=\"currentColor\" width=\"14\" height=\"14\"><path d=\"M19 19H5V5h7V3H5c-1.11 0-2 .9-2 2v14c0 1.1.89 2 2 2h14c1.1 0 2-.9 2-2v-7h-2v7zM14 3v2h3.59l-9.83 9.83 1.41 1.41L19 6.41V10h2V3h-7z\"\/><\/svg><\/span><a href=\"http:\/\/tjkostelec.cz\/wp-content\/uploads\/2021\/07\/velke01.jpg\" class=\"pfg-item-link\" target=\"_self\" rel=\"noopener\"><img src=\"http:\/\/tjkostelec.cz\/wp-content\/uploads\/2021\/07\/velke01-1024x683.jpg\" srcset=\"http:\/\/tjkostelec.cz\/wp-content\/uploads\/2021\/07\/velke01-1024x683.jpg 1024w, http:\/\/tjkostelec.cz\/wp-content\/uploads\/2021\/07\/velke01-300x200.jpg 300w, http:\/\/tjkostelec.cz\/wp-content\/uploads\/2021\/07\/velke01-768x512.jpg 768w, http:\/\/tjkostelec.cz\/wp-content\/uploads\/2021\/07\/velke01-600x400.jpg 600w, http:\/\/tjkostelec.cz\/wp-content\/uploads\/2021\/07\/velke01-1536x1024.jpg 1536w, http:\/\/tjkostelec.cz\/wp-content\/uploads\/2021\/07\/velke01-2048x1366.jpg 2048w, http:\/\/tjkostelec.cz\/wp-content\/uploads\/2021\/07\/velke01-128x85.jpg 128w, http:\/\/tjkostelec.cz\/wp-content\/uploads\/2021\/07\/velke01-32x21.jpg 32w\" sizes=\"(min-width: 1200px) 50vw, (min-width: 992px) 50vw, (min-width: 768px) 50vw, 50vw\" alt=\"velke01\" loading=\"lazy\" decoding=\"async\" class=\"pfg-item-image\"><\/a><\/div><div class=\"pfg-item  pfg-item-hover--hvr-glow\" data-id=\"2786\"><span class=\"pfg-item-type-icon pfg-item-type-icon--link\" title=\"External Link\"><svg xmlns=\"http:\/\/www.w3.org\/2000\/svg\" viewBox=\"0 0 24 24\" fill=\"currentColor\" width=\"14\" height=\"14\"><path d=\"M19 19H5V5h7V3H5c-1.11 0-2 .9-2 2v14c0 1.1.89 2 2 2h14c1.1 0 2-.9 2-2v-7h-2v7zM14 3v2h3.59l-9.83 9.83 1.41 1.41L19 6.41V10h2V3h-7z\"\/><\/svg><\/span><a href=\"http:\/\/tjkostelec.cz\/wp-content\/uploads\/2021\/07\/velke02.jpg\" class=\"pfg-item-link\" target=\"_self\" rel=\"noopener\"><img src=\"http:\/\/tjkostelec.cz\/wp-content\/uploads\/2021\/07\/velke02-1024x683.jpg\" srcset=\"http:\/\/tjkostelec.cz\/wp-content\/uploads\/2021\/07\/velke02-1024x683.jpg 1024w, http:\/\/tjkostelec.cz\/wp-content\/uploads\/2021\/07\/velke02-300x200.jpg 300w, http:\/\/tjkostelec.cz\/wp-content\/uploads\/2021\/07\/velke02-768x512.jpg 768w, http:\/\/tjkostelec.cz\/wp-content\/uploads\/2021\/07\/velke02-600x400.jpg 600w, http:\/\/tjkostelec.cz\/wp-content\/uploads\/2021\/07\/velke02-1536x1024.jpg 1536w, http:\/\/tjkostelec.cz\/wp-content\/uploads\/2021\/07\/velke02-2048x1365.jpg 2048w, http:\/\/tjkostelec.cz\/wp-content\/uploads\/2021\/07\/velke02-128x85.jpg 128w, http:\/\/tjkostelec.cz\/wp-content\/uploads\/2021\/07\/velke02-32x21.jpg 32w\" sizes=\"(min-width: 1200px) 50vw, (min-width: 992px) 50vw, (min-width: 768px) 50vw, 50vw\" alt=\"velke02\" loading=\"lazy\" decoding=\"async\" class=\"pfg-item-image\"><\/a><\/div><div class=\"pfg-item  pfg-item-hover--hvr-glow\" data-id=\"2798\"><span class=\"pfg-item-type-icon pfg-item-type-icon--link\" title=\"External Link\"><svg xmlns=\"http:\/\/www.w3.org\/2000\/svg\" viewBox=\"0 0 24 24\" fill=\"currentColor\" width=\"14\" height=\"14\"><path d=\"M19 19H5V5h7V3H5c-1.11 0-2 .9-2 2v14c0 1.1.89 2 2 2h14c1.1 0 2-.9 2-2v-7h-2v7zM14 3v2h3.59l-9.83 9.83 1.41 1.41L19 6.41V10h2V3h-7z\"\/><\/svg><\/span><a href=\"http:\/\/tjkostelec.cz\/wp-content\/uploads\/2021\/07\/velke08.jpg\" class=\"pfg-item-link\" target=\"_self\" rel=\"noopener\"><img src=\"http:\/\/tjkostelec.cz\/wp-content\/uploads\/2021\/07\/velke08.jpg\" srcset=\"http:\/\/tjkostelec.cz\/wp-content\/uploads\/2021\/07\/velke08.jpg 1024w, http:\/\/tjkostelec.cz\/wp-content\/uploads\/2021\/07\/velke08-300x200.jpg 300w, http:\/\/tjkostelec.cz\/wp-content\/uploads\/2021\/07\/velke08-768x512.jpg 768w, http:\/\/tjkostelec.cz\/wp-content\/uploads\/2021\/07\/velke08-600x400.jpg 600w, http:\/\/tjkostelec.cz\/wp-content\/uploads\/2021\/07\/velke08-128x85.jpg 128w, http:\/\/tjkostelec.cz\/wp-content\/uploads\/2021\/07\/velke08-32x21.jpg 32w\" sizes=\"(min-width: 1200px) 50vw, (min-width: 992px) 50vw, (min-width: 768px) 50vw, 50vw\" alt=\"velke08\" loading=\"lazy\" decoding=\"async\" class=\"pfg-item-image\"><\/a><\/div><div class=\"pfg-item  pfg-item-hover--hvr-glow\" data-id=\"2792\"><span class=\"pfg-item-type-icon pfg-item-type-icon--link\" title=\"External Link\"><svg xmlns=\"http:\/\/www.w3.org\/2000\/svg\" viewBox=\"0 0 24 24\" fill=\"currentColor\" width=\"14\" height=\"14\"><path d=\"M19 19H5V5h7V3H5c-1.11 0-2 .9-2 2v14c0 1.1.89 2 2 2h14c1.1 0 2-.9 2-2v-7h-2v7zM14 3v2h3.59l-9.83 9.83 1.41 1.41L19 6.41V10h2V3h-7z\"\/><\/svg><\/span><a href=\"http:\/\/tjkostelec.cz\/wp-content\/uploads\/2021\/07\/velke09.jpg\" class=\"pfg-item-link\" target=\"_self\" rel=\"noopener\"><img src=\"http:\/\/tjkostelec.cz\/wp-content\/uploads\/2021\/07\/velke09-1024x683.jpg\" srcset=\"http:\/\/tjkostelec.cz\/wp-content\/uploads\/2021\/07\/velke09-1024x683.jpg 1024w, http:\/\/tjkostelec.cz\/wp-content\/uploads\/2021\/07\/velke09-300x200.jpg 300w, http:\/\/tjkostelec.cz\/wp-content\/uploads\/2021\/07\/velke09-768x512.jpg 768w, http:\/\/tjkostelec.cz\/wp-content\/uploads\/2021\/07\/velke09-600x400.jpg 600w, http:\/\/tjkostelec.cz\/wp-content\/uploads\/2021\/07\/velke09-1536x1024.jpg 1536w, http:\/\/tjkostelec.cz\/wp-content\/uploads\/2021\/07\/velke09-128x85.jpg 128w, http:\/\/tjkostelec.cz\/wp-content\/uploads\/2021\/07\/velke09-32x21.jpg 32w, http:\/\/tjkostelec.cz\/wp-content\/uploads\/2021\/07\/velke09.jpg 2048w\" sizes=\"(min-width: 1200px) 50vw, (min-width: 992px) 50vw, (min-width: 768px) 50vw, 50vw\" alt=\"velke09\" loading=\"lazy\" decoding=\"async\" class=\"pfg-item-image\"><\/a><\/div><div class=\"pfg-item  pfg-item-hover--hvr-glow\" data-id=\"2788\"><span class=\"pfg-item-type-icon pfg-item-type-icon--link\" title=\"External Link\"><svg xmlns=\"http:\/\/www.w3.org\/2000\/svg\" viewBox=\"0 0 24 24\" fill=\"currentColor\" width=\"14\" height=\"14\"><path d=\"M19 19H5V5h7V3H5c-1.11 0-2 .9-2 2v14c0 1.1.89 2 2 2h14c1.1 0 2-.9 2-2v-7h-2v7zM14 3v2h3.59l-9.83 9.83 1.41 1.41L19 6.41V10h2V3h-7z\"\/><\/svg><\/span><a href=\"http:\/\/tjkostelec.cz\/wp-content\/uploads\/2021\/07\/velke_skupina2-scaled.jpg\" class=\"pfg-item-link\" target=\"_self\" rel=\"noopener\"><img src=\"http:\/\/tjkostelec.cz\/wp-content\/uploads\/2021\/07\/velke_skupina2-1024x768.jpg\" srcset=\"http:\/\/tjkostelec.cz\/wp-content\/uploads\/2021\/07\/velke_skupina2-1024x768.jpg 1024w, http:\/\/tjkostelec.cz\/wp-content\/uploads\/2021\/07\/velke_skupina2-300x225.jpg 300w, http:\/\/tjkostelec.cz\/wp-content\/uploads\/2021\/07\/velke_skupina2-768x576.jpg 768w, http:\/\/tjkostelec.cz\/wp-content\/uploads\/2021\/07\/velke_skupina2-600x450.jpg 600w, http:\/\/tjkostelec.cz\/wp-content\/uploads\/2021\/07\/velke_skupina2-1536x1152.jpg 1536w, http:\/\/tjkostelec.cz\/wp-content\/uploads\/2021\/07\/velke_skupina2-2048x1536.jpg 2048w, http:\/\/tjkostelec.cz\/wp-content\/uploads\/2021\/07\/velke_skupina2-128x96.jpg 128w, http:\/\/tjkostelec.cz\/wp-content\/uploads\/2021\/07\/velke_skupina2-32x24.jpg 32w\" sizes=\"(min-width: 1200px) 50vw, (min-width: 992px) 50vw, (min-width: 768px) 50vw, 50vw\" alt=\"velke_skupina2\" loading=\"lazy\" decoding=\"async\" class=\"pfg-item-image\"><\/a><\/div><div class=\"pfg-item  pfg-item-hover--hvr-glow\" data-id=\"2787\"><span class=\"pfg-item-type-icon pfg-item-type-icon--link\" title=\"External Link\"><svg xmlns=\"http:\/\/www.w3.org\/2000\/svg\" viewBox=\"0 0 24 24\" fill=\"currentColor\" width=\"14\" height=\"14\"><path d=\"M19 19H5V5h7V3H5c-1.11 0-2 .9-2 2v14c0 1.1.89 2 2 2h14c1.1 0 2-.9 2-2v-7h-2v7zM14 3v2h3.59l-9.83 9.83 1.41 1.41L19 6.41V10h2V3h-7z\"\/><\/svg><\/span><a href=\"http:\/\/tjkostelec.cz\/wp-content\/uploads\/2021\/07\/velke_skupina1.jpg\" class=\"pfg-item-link\" target=\"_self\" rel=\"noopener\"><img src=\"http:\/\/tjkostelec.cz\/wp-content\/uploads\/2021\/07\/velke_skupina1-1024x768.jpg\" srcset=\"http:\/\/tjkostelec.cz\/wp-content\/uploads\/2021\/07\/velke_skupina1-1024x768.jpg 1024w, http:\/\/tjkostelec.cz\/wp-content\/uploads\/2021\/07\/velke_skupina1-300x225.jpg 300w, http:\/\/tjkostelec.cz\/wp-content\/uploads\/2021\/07\/velke_skupina1-768x576.jpg 768w, http:\/\/tjkostelec.cz\/wp-content\/uploads\/2021\/07\/velke_skupina1-600x450.jpg 600w, http:\/\/tjkostelec.cz\/wp-content\/uploads\/2021\/07\/velke_skupina1-1536x1152.jpg 1536w, http:\/\/tjkostelec.cz\/wp-content\/uploads\/2021\/07\/velke_skupina1-128x96.jpg 128w, http:\/\/tjkostelec.cz\/wp-content\/uploads\/2021\/07\/velke_skupina1-32x24.jpg 32w, http:\/\/tjkostelec.cz\/wp-content\/uploads\/2021\/07\/velke_skupina1.jpg 1560w\" sizes=\"(min-width: 1200px) 50vw, (min-width: 992px) 50vw, (min-width: 768px) 50vw, 50vw\" alt=\"velke_skupina1\" loading=\"lazy\" decoding=\"async\" class=\"pfg-item-image\"><\/a><\/div><div class=\"pfg-item  pfg-item-hover--hvr-glow\" data-id=\"2789\"><span class=\"pfg-item-type-icon pfg-item-type-icon--link\" title=\"External Link\"><svg xmlns=\"http:\/\/www.w3.org\/2000\/svg\" viewBox=\"0 0 24 24\" fill=\"currentColor\" width=\"14\" height=\"14\"><path d=\"M19 19H5V5h7V3H5c-1.11 0-2 .9-2 2v14c0 1.1.89 2 2 2h14c1.1 0 2-.9 2-2v-7h-2v7zM14 3v2h3.59l-9.83 9.83 1.41 1.41L19 6.41V10h2V3h-7z\"\/><\/svg><\/span><a href=\"http:\/\/tjkostelec.cz\/wp-content\/uploads\/2021\/07\/velke_skupina3.jpg\" class=\"pfg-item-link\" target=\"_self\" rel=\"noopener\"><img src=\"http:\/\/tjkostelec.cz\/wp-content\/uploads\/2021\/07\/velke_skupina3-1024x699.jpg\" srcset=\"http:\/\/tjkostelec.cz\/wp-content\/uploads\/2021\/07\/velke_skupina3-1024x699.jpg 1024w, http:\/\/tjkostelec.cz\/wp-content\/uploads\/2021\/07\/velke_skupina3-300x205.jpg 300w, http:\/\/tjkostelec.cz\/wp-content\/uploads\/2021\/07\/velke_skupina3-768x524.jpg 768w, http:\/\/tjkostelec.cz\/wp-content\/uploads\/2021\/07\/velke_skupina3-600x409.jpg 600w, http:\/\/tjkostelec.cz\/wp-content\/uploads\/2021\/07\/velke_skupina3-128x87.jpg 128w, http:\/\/tjkostelec.cz\/wp-content\/uploads\/2021\/07\/velke_skupina3-32x22.jpg 32w, http:\/\/tjkostelec.cz\/wp-content\/uploads\/2021\/07\/velke_skupina3.jpg 1080w\" sizes=\"(min-width: 1200px) 50vw, (min-width: 992px) 50vw, (min-width: 768px) 50vw, 50vw\" alt=\"velke_skupina3\" loading=\"lazy\" decoding=\"async\" class=\"pfg-item-image\"><\/a><\/div><\/div><\/div>\n","protected":false},"excerpt":{"rendered":"<p>N\u00c1BOR ML\u00c1DE\u017dE!!! Pokud chcete nejen mezi na\u0161i ml\u00e1de\u017e, p\u0159ihla\u0161te se ZDE\u00a0nebo\u00a0dojd\u011bte se pod\u00edvat k n\u00e1m do herny v Kostelci. Ml\u00e1de\u017e je vychov\u00e1v\u00e1na pod dohledem dvou zku\u0161en\u00fdch tren\u00e9r\u016f, kte\u0159\u00ed maj\u00ed k\u00a0dispozici robota, na kter\u00e9m se u\u010d\u00ed na\u0161i nejmen\u0161\u00ed techniku \u00fader\u016f a n\u00e1sledn\u011b tr\u00e9nuj\u00ed spolu na stolech a zdokonaluj\u00ed se pomoc\u00ed r\u016fzn\u00fdch hern\u00edch kombinac\u00ed. Odd\u00edl si zakl\u00e1d\u00e1 [&hellip;]<\/p>\n","protected":false},"author":1,"featured_media":0,"parent":0,"menu_order":4,"comment_status":"closed","ping_status":"closed","template":"","meta":{"footnotes":""},"class_list":["post-75","page","type-page","status-publish","hentry"],"_links":{"self":[{"href":"http:\/\/tjkostelec.cz\/index.php?rest_route=\/wp\/v2\/pages\/75","targetHints":{"allow":["GET"]}}],"collection":[{"href":"http:\/\/tjkostelec.cz\/index.php?rest_route=\/wp\/v2\/pages"}],"about":[{"href":"http:\/\/tjkostelec.cz\/index.php?rest_route=\/wp\/v2\/types\/page"}],"author":[{"embeddable":true,"href":"http:\/\/tjkostelec.cz\/index.php?rest_route=\/wp\/v2\/users\/1"}],"replies":[{"embeddable":true,"href":"http:\/\/tjkostelec.cz\/index.php?rest_route=%2Fwp%2Fv2%2Fcomments&post=75"}],"version-history":[{"count":40,"href":"http:\/\/tjkostelec.cz\/index.php?rest_route=\/wp\/v2\/pages\/75\/revisions"}],"predecessor-version":[{"id":3854,"href":"http:\/\/tjkostelec.cz\/index.php?rest_route=\/wp\/v2\/pages\/75\/revisions\/3854"}],"wp:attachment":[{"href":"http:\/\/tjkostelec.cz\/index.php?rest_route=%2Fwp%2Fv2%2Fmedia&parent=75"}],"curies":[{"name":"wp","href":"https:\/\/api.w.org\/{rel}","templated":true}]}}