{"id":5202,"date":"2025-09-05T22:50:25","date_gmt":"2025-09-05T20:50:25","guid":{"rendered":"http:\/\/tjkostelec.cz\/?page_id=5202"},"modified":"2025-11-27T12:52:07","modified_gmt":"2025-11-27T11:52:07","slug":"prijem-podani","status":"publish","type":"page","link":"http:\/\/tjkostelec.cz\/?page_id=5202","title":{"rendered":"P\u0159\u00edjem pod\u00e1n\u00ed"},"content":{"rendered":"<p><iframe loading=\"lazy\" title=\"3\u7a2e\u985e\u306e\u30b5\u30fc\u30d6\u306e\u56de\u8ee2\u2705\ud83d\udd25#shorts #\u5353\u7403 #tabletennis #pingpong #\u4e52\u4e53\u7403 #\u30b5\u30fc\u30d6\" width=\"523\" height=\"930\" src=\"https:\/\/www.youtube.com\/embed\/XtOzf-L2K9I?feature=oembed\" frameborder=\"0\" allow=\"accelerometer; autoplay; clipboard-write; encrypted-media; gyroscope; picture-in-picture; web-share\" referrerpolicy=\"strict-origin-when-cross-origin\" allowfullscreen><\/iframe><\/p>\n","protected":false},"excerpt":{"rendered":"","protected":false},"author":3,"featured_media":0,"parent":5112,"menu_order":4,"comment_status":"closed","ping_status":"closed","template":"template-fullwidth.php","meta":{"footnotes":""},"class_list":["post-5202","page","type-page","status-publish","hentry"],"_links":{"self":[{"href":"http:\/\/tjkostelec.cz\/index.php?rest_route=\/wp\/v2\/pages\/5202","targetHints":{"allow":["GET"]}}],"collection":[{"href":"http:\/\/tjkostelec.cz\/index.php?rest_route=\/wp\/v2\/pages"}],"about":[{"href":"http:\/\/tjkostelec.cz\/index.php?rest_route=\/wp\/v2\/types\/page"}],"author":[{"embeddable":true,"href":"http:\/\/tjkostelec.cz\/index.php?rest_route=\/wp\/v2\/users\/3"}],"replies":[{"embeddable":true,"href":"http:\/\/tjkostelec.cz\/index.php?rest_route=%2Fwp%2Fv2%2Fcomments&post=5202"}],"version-history":[{"count":2,"href":"http:\/\/tjkostelec.cz\/index.php?rest_route=\/wp\/v2\/pages\/5202\/revisions"}],"predecessor-version":[{"id":5353,"href":"http:\/\/tjkostelec.cz\/index.php?rest_route=\/wp\/v2\/pages\/5202\/revisions\/5353"}],"up":[{"embeddable":true,"href":"http:\/\/tjkostelec.cz\/index.php?rest_route=\/wp\/v2\/pages\/5112"}],"wp:attachment":[{"href":"http:\/\/tjkostelec.cz\/index.php?rest_route=%2Fwp%2Fv2%2Fmedia&parent=5202"}],"curies":[{"name":"wp","href":"https:\/\/api.w.org\/{rel}","templated":true}]}}