{"id":4454,"date":"2024-01-04T21:07:25","date_gmt":"2024-01-04T20:07:25","guid":{"rendered":"http:\/\/tjkostelec.cz\/?page_id=4454"},"modified":"2024-04-14T16:01:19","modified_gmt":"2024-04-14T14:01:19","slug":"oddil-fotbalu","status":"publish","type":"page","link":"http:\/\/tjkostelec.cz\/?page_id=4454","title":{"rendered":"Odd\u00edl"},"content":{"rendered":"<h1 class=\"H4 H3--withLogo\">TJ Sokol Kostelec-Zl\u00edn, z.s. <img loading=\"lazy\" decoding=\"async\" class=\"wp-image-3773 alignright\" style=\"font-family: Lato, sans-serif; font-size: 16px;\" src=\"http:\/\/tjkostelec.cz\/wp-content\/uploads\/2023\/02\/KopanaTjSokolKostelecZlinLogo.png\" alt=\"\" width=\"125\" height=\"145\" srcset=\"http:\/\/tjkostelec.cz\/wp-content\/uploads\/2023\/02\/KopanaTjSokolKostelecZlinLogo.png 259w, http:\/\/tjkostelec.cz\/wp-content\/uploads\/2023\/02\/KopanaTjSokolKostelecZlinLogo-111x128.png 111w, http:\/\/tjkostelec.cz\/wp-content\/uploads\/2023\/02\/KopanaTjSokolKostelecZlinLogo-28x32.png 28w\" sizes=\"auto, (max-width: 125px) 100vw, 125px\" \/><\/h1>\n<div class=\"Grid-col Grid-col--6 Grid-col--sm-12 u-display-flex\">\n<section class=\"u-flex-basis-100p u-mt-primary\">\n<div class=\"Box u-mt-16\">\n<div class=\"Box-grid\">\n<section>\n<h6 class=\"u-display-flex u-align-items-center u-ff-primary u-fs-small u-fw-semiBold u-tt-uppercase\">ADRESA KLUBU:<\/h6>\n<ul class=\"u-mt-4 u-ml-32\">\n<li>L\u00e1ze\u0148sk\u00e1 723<\/li>\n<li>Zl\u00edn 12<\/li>\n<li>76314<\/li>\n<\/ul>\n<\/section>\n<\/div>\n<\/div>\n<\/section>\n<\/div>\n<div class=\"Grid-col Grid-col--6 Grid-col--sm-12 u-display-flex\">\n<section class=\"u-flex-basis-100p u-mt-primary\">\n<h6 class=\"H6\"><span style=\"font-size: 12pt;\">TELEFON<\/span><\/h6>\n<div class=\"Box u-mt-16\">\n<div class=\"Box-grid\">\n<section>\n<ul class=\"u-mt-4 u-ml-32\">\n<li>+420 608 406 700<\/li>\n<\/ul>\n<\/section>\n<\/div>\n<\/div>\n<\/section>\n<\/div>\n<div class=\"Grid\">\n<div class=\"Grid-col Grid-col--6 Grid-col--sm-12 u-display-flex\">\n<section class=\"u-flex-basis-100p u-mt-primary\">\n<h6 class=\"H6\"><span style=\"font-size: 12pt;\">WEB<\/span><\/h6>\n<ul>\n<li>v\u00edce na str\u00e1nk\u00e1ch <a href=\"https:\/\/www.fotbal.cz\/souteze\/club\/club\/41094cc9-ee7f-4a24-a57a-8925291ca840\">FA\u010cR zde<\/a>.<\/li>\n<\/ul>\n<h6 class=\"u-display-flex u-align-items-center u-ff-primary u-fs-small u-fw-semiBold u-tt-uppercase\">SOCI\u00c1LN\u00cd S\u00cdT\u011a\u00a0 <img loading=\"lazy\" decoding=\"async\" class=\"alignnone wp-image-4480\" src=\"http:\/\/tjkostelec.cz\/wp-content\/uploads\/2024\/01\/facebook-logo-300x297.jpg\" alt=\"\" width=\"23\" height=\"23\" srcset=\"http:\/\/tjkostelec.cz\/wp-content\/uploads\/2024\/01\/facebook-logo-300x297.jpg 300w, http:\/\/tjkostelec.cz\/wp-content\/uploads\/2024\/01\/facebook-logo-150x150.jpg 150w, http:\/\/tjkostelec.cz\/wp-content\/uploads\/2024\/01\/facebook-logo-128x128.jpg 128w, http:\/\/tjkostelec.cz\/wp-content\/uploads\/2024\/01\/facebook-logo-32x32.jpg 32w, http:\/\/tjkostelec.cz\/wp-content\/uploads\/2024\/01\/facebook-logo.jpg 405w\" sizes=\"auto, (max-width: 23px) 100vw, 23px\" \/><\/h6>\n<ul>\n<li><a href=\"https:\/\/www.facebook.com\/profile.php?id=100063633275255\">TJ Sokol Kostelec<\/a><\/li>\n<li><a href=\"https:\/\/www.facebook.com\/profile.php?id=100062091745180\">TJ Kostelec &#8211; Junior<\/a><\/li>\n<li><a href=\"https:\/\/www.facebook.com\/Kostelecti.Kozli.2022\">TJ Sokol Kostelec &#8211; Star\u0161\u00ed \u017e\u00e1ci a Dorost<\/a><\/li>\n<\/ul>\n<div class=\"Box u-mt-16\">\n<div class=\"Box-grid\"><\/div>\n<\/div>\n<\/section>\n<\/div>\n<div class=\"Grid-col Grid-col--6 Grid-col--sm-12 u-display-flex\">\n<section class=\"u-flex-basis-100p u-mt-primary\">\n<div class=\"Box u-mt-16\">\n<div class=\"Box-grid\"><\/div>\n<\/div>\n<\/section>\n<\/div>\n<\/div>\n","protected":false},"excerpt":{"rendered":"<p>TJ Sokol Kostelec-Zl\u00edn, z.s. ADRESA KLUBU: L\u00e1ze\u0148sk\u00e1 723 Zl\u00edn 12 76314 TELEFON +420 608 406 700 WEB v\u00edce na str\u00e1nk\u00e1ch FA\u010cR zde. SOCI\u00c1LN\u00cd S\u00cdT\u011a\u00a0 TJ Sokol Kostelec TJ Kostelec &#8211; Junior TJ Sokol Kostelec &#8211; Star\u0161\u00ed \u017e\u00e1ci a Dorost<\/p>\n","protected":false},"author":1,"featured_media":0,"parent":3810,"menu_order":2,"comment_status":"closed","ping_status":"closed","template":"","meta":{"footnotes":""},"class_list":["post-4454","page","type-page","status-publish","hentry"],"_links":{"self":[{"href":"http:\/\/tjkostelec.cz\/index.php?rest_route=\/wp\/v2\/pages\/4454","targetHints":{"allow":["GET"]}}],"collection":[{"href":"http:\/\/tjkostelec.cz\/index.php?rest_route=\/wp\/v2\/pages"}],"about":[{"href":"http:\/\/tjkostelec.cz\/index.php?rest_route=\/wp\/v2\/types\/page"}],"author":[{"embeddable":true,"href":"http:\/\/tjkostelec.cz\/index.php?rest_route=\/wp\/v2\/users\/1"}],"replies":[{"embeddable":true,"href":"http:\/\/tjkostelec.cz\/index.php?rest_route=%2Fwp%2Fv2%2Fcomments&post=4454"}],"version-history":[{"count":12,"href":"http:\/\/tjkostelec.cz\/index.php?rest_route=\/wp\/v2\/pages\/4454\/revisions"}],"predecessor-version":[{"id":4550,"href":"http:\/\/tjkostelec.cz\/index.php?rest_route=\/wp\/v2\/pages\/4454\/revisions\/4550"}],"up":[{"embeddable":true,"href":"http:\/\/tjkostelec.cz\/index.php?rest_route=\/wp\/v2\/pages\/3810"}],"wp:attachment":[{"href":"http:\/\/tjkostelec.cz\/index.php?rest_route=%2Fwp%2Fv2%2Fmedia&parent=4454"}],"curies":[{"name":"wp","href":"https:\/\/api.w.org\/{rel}","templated":true}]}}