{"id":43,"date":"2017-08-26T17:12:43","date_gmt":"2017-08-26T15:12:43","guid":{"rendered":"http:\/\/tjkostelec.cz\/?page_id=43"},"modified":"2024-01-08T09:41:46","modified_gmt":"2024-01-08T08:41:46","slug":"43-2","status":"publish","type":"page","link":"http:\/\/tjkostelec.cz\/?page_id=43","title":{"rendered":"Sponzo\u0159i"},"content":{"rendered":"<p><img loading=\"lazy\" decoding=\"async\" class=\"alignnone wp-image-4464\" src=\"http:\/\/tjkostelec.cz\/wp-content\/uploads\/2024\/01\/zlin-300x215.jpg\" alt=\"\" width=\"132\" height=\"94\" srcset=\"http:\/\/tjkostelec.cz\/wp-content\/uploads\/2024\/01\/zlin-300x215.jpg 300w, http:\/\/tjkostelec.cz\/wp-content\/uploads\/2024\/01\/zlin-128x92.jpg 128w, http:\/\/tjkostelec.cz\/wp-content\/uploads\/2024\/01\/zlin-32x23.jpg 32w, http:\/\/tjkostelec.cz\/wp-content\/uploads\/2024\/01\/zlin.jpg 533w\" sizes=\"auto, (max-width: 132px) 100vw, 132px\" \/> <img loading=\"lazy\" decoding=\"async\" class=\"alignnone wp-image-3746\" src=\"http:\/\/tjkostelec.cz\/wp-content\/uploads\/2022\/12\/cz-zk-300x122.jpg\" alt=\"\" width=\"266\" height=\"108\" srcset=\"http:\/\/tjkostelec.cz\/wp-content\/uploads\/2022\/12\/cz-zk-300x122.jpg 300w, http:\/\/tjkostelec.cz\/wp-content\/uploads\/2022\/12\/cz-zk-1024x415.jpg 1024w, http:\/\/tjkostelec.cz\/wp-content\/uploads\/2022\/12\/cz-zk-768x312.jpg 768w, http:\/\/tjkostelec.cz\/wp-content\/uploads\/2022\/12\/cz-zk-128x52.jpg 128w, http:\/\/tjkostelec.cz\/wp-content\/uploads\/2022\/12\/cz-zk-32x13.jpg 32w, http:\/\/tjkostelec.cz\/wp-content\/uploads\/2022\/12\/cz-zk.jpg 1171w\" sizes=\"auto, (max-width: 266px) 100vw, 266px\" \/><img loading=\"lazy\" decoding=\"async\" class=\"alignnone wp-image-44 size-full\" src=\"http:\/\/tjkostelec.cz\/wp-content\/uploads\/2017\/08\/manax.jpg\" alt=\"\" width=\"219\" height=\"86\" srcset=\"http:\/\/tjkostelec.cz\/wp-content\/uploads\/2017\/08\/manax.jpg 219w, http:\/\/tjkostelec.cz\/wp-content\/uploads\/2017\/08\/manax-128x50.jpg 128w, http:\/\/tjkostelec.cz\/wp-content\/uploads\/2017\/08\/manax-32x13.jpg 32w\" sizes=\"auto, (max-width: 219px) 100vw, 219px\" \/><br \/>\n<img loading=\"lazy\" decoding=\"async\" class=\"alignnone wp-image-348\" src=\"http:\/\/tjkostelec.cz\/wp-content\/uploads\/2017\/09\/jarokovo_logo-300x109.png\" alt=\"\" width=\"231\" height=\"84\" srcset=\"http:\/\/tjkostelec.cz\/wp-content\/uploads\/2017\/09\/jarokovo_logo-300x109.png 300w, http:\/\/tjkostelec.cz\/wp-content\/uploads\/2017\/09\/jarokovo_logo-768x279.png 768w, http:\/\/tjkostelec.cz\/wp-content\/uploads\/2017\/09\/jarokovo_logo-128x46.png 128w, http:\/\/tjkostelec.cz\/wp-content\/uploads\/2017\/09\/jarokovo_logo-32x12.png 32w, http:\/\/tjkostelec.cz\/wp-content\/uploads\/2017\/09\/jarokovo_logo.png 881w\" sizes=\"auto, (max-width: 231px) 100vw, 231px\" \/> <img loading=\"lazy\" decoding=\"async\" class=\"alignnone size-full wp-image-3748\" src=\"http:\/\/tjkostelec.cz\/wp-content\/uploads\/2022\/12\/NSA-logo.png\" alt=\"\" width=\"193\" height=\"80\" srcset=\"http:\/\/tjkostelec.cz\/wp-content\/uploads\/2022\/12\/NSA-logo.png 193w, http:\/\/tjkostelec.cz\/wp-content\/uploads\/2022\/12\/NSA-logo-128x53.png 128w, http:\/\/tjkostelec.cz\/wp-content\/uploads\/2022\/12\/NSA-logo-32x13.png 32w\" sizes=\"auto, (max-width: 193px) 100vw, 193px\" \/>\u00a0<img loading=\"lazy\" decoding=\"async\" class=\"alignnone  wp-image-47\" src=\"http:\/\/tjkostelec.cz\/wp-content\/uploads\/2017\/08\/advokat-sponzor-300x80.png\" alt=\"\" width=\"255\" height=\"68\" srcset=\"http:\/\/tjkostelec.cz\/wp-content\/uploads\/2017\/08\/advokat-sponzor-300x80.png 300w, http:\/\/tjkostelec.cz\/wp-content\/uploads\/2017\/08\/advokat-sponzor-128x34.png 128w, http:\/\/tjkostelec.cz\/wp-content\/uploads\/2017\/08\/advokat-sponzor-32x9.png 32w, http:\/\/tjkostelec.cz\/wp-content\/uploads\/2017\/08\/advokat-sponzor.png 336w\" sizes=\"auto, (max-width: 255px) 100vw, 255px\" \/><\/p>\n<p><strong><br \/>\nZvl\u00e1\u0161tn\u00ed pod\u011bkov\u00e1n\u00ed Statut\u00e1rn\u00edmu m\u011bstu Zl\u00edn za p\u0159id\u011blen\u00ed dotace na ml\u00e1de\u017e a dotace<br \/>\nna opravu st\u0159echy budovy a haly T\u011blov\u00fdchovn\u00e9 jednoty Sokol Kostelec Zl\u00edn.<\/strong><\/p>\n<p>&nbsp;<\/p>\n<h2>Hled\u00e1me dal\u0161\u00ed sponzory<\/h2>\n<p class=\"zarovnej\">L\u00edb\u00ed se V\u00e1m stoln\u00ed tenis, zaujala V\u00e1s na\u0161e \u010dinnost? Tak nev\u00e1hejte, <a href=\"mailto:t.hunka@seznam.cz\">kontaktujte n\u00e1s<\/a> a podpo\u0159te na\u0161\u00ed \u010dinnost finan\u010dn\u00ed nebo materi\u00e1ln\u00ed pomoc\u00ed. Nab\u00edz\u00edme:<\/p>\n<p>-um\u00edst\u011bn\u00ed Va\u0161eho loga a odkazu na internetov\u00fdch str\u00e1nk\u00e1ch klubu<br \/>\n-um\u00edst\u011bn\u00ed Va\u0161eho loga do prostor herny<br \/>\n-prezentace Va\u0161\u00ed firmy na n\u00e1mi po\u0159\u00e1dan\u00fdch akc\u00edch<br \/>\n-dal\u0161\u00ed mo\u017enosti dle dohody<\/p>\n","protected":false},"excerpt":{"rendered":"<p>\u00a0 Zvl\u00e1\u0161tn\u00ed pod\u011bkov\u00e1n\u00ed Statut\u00e1rn\u00edmu m\u011bstu Zl\u00edn za p\u0159id\u011blen\u00ed dotace na ml\u00e1de\u017e a dotace na opravu st\u0159echy budovy a haly T\u011blov\u00fdchovn\u00e9 jednoty Sokol Kostelec Zl\u00edn. &nbsp; Hled\u00e1me dal\u0161\u00ed sponzory L\u00edb\u00ed se V\u00e1m stoln\u00ed tenis, zaujala V\u00e1s na\u0161e \u010dinnost? Tak nev\u00e1hejte, kontaktujte n\u00e1s a podpo\u0159te na\u0161\u00ed \u010dinnost finan\u010dn\u00ed nebo materi\u00e1ln\u00ed pomoc\u00ed. Nab\u00edz\u00edme: -um\u00edst\u011bn\u00ed Va\u0161eho loga a odkazu [&hellip;]<\/p>\n","protected":false},"author":1,"featured_media":0,"parent":0,"menu_order":7,"comment_status":"closed","ping_status":"closed","template":"template-fullwidth.php","meta":{"footnotes":""},"class_list":["post-43","page","type-page","status-publish","hentry"],"_links":{"self":[{"href":"http:\/\/tjkostelec.cz\/index.php?rest_route=\/wp\/v2\/pages\/43","targetHints":{"allow":["GET"]}}],"collection":[{"href":"http:\/\/tjkostelec.cz\/index.php?rest_route=\/wp\/v2\/pages"}],"about":[{"href":"http:\/\/tjkostelec.cz\/index.php?rest_route=\/wp\/v2\/types\/page"}],"author":[{"embeddable":true,"href":"http:\/\/tjkostelec.cz\/index.php?rest_route=\/wp\/v2\/users\/1"}],"replies":[{"embeddable":true,"href":"http:\/\/tjkostelec.cz\/index.php?rest_route=%2Fwp%2Fv2%2Fcomments&post=43"}],"version-history":[{"count":24,"href":"http:\/\/tjkostelec.cz\/index.php?rest_route=\/wp\/v2\/pages\/43\/revisions"}],"predecessor-version":[{"id":4477,"href":"http:\/\/tjkostelec.cz\/index.php?rest_route=\/wp\/v2\/pages\/43\/revisions\/4477"}],"wp:attachment":[{"href":"http:\/\/tjkostelec.cz\/index.php?rest_route=%2Fwp%2Fv2%2Fmedia&parent=43"}],"curies":[{"name":"wp","href":"https:\/\/api.w.org\/{rel}","templated":true}]}}