{"id":331,"date":"2017-08-27T01:44:07","date_gmt":"2017-08-26T23:44:07","guid":{"rendered":"http:\/\/tjkostelec.cz\/?page_id=331"},"modified":"2024-02-27T08:57:17","modified_gmt":"2024-02-27T07:57:17","slug":"fotbal","status":"publish","type":"page","link":"http:\/\/tjkostelec.cz\/?page_id=331","title":{"rendered":"Fotbalov\u00e9 h\u0159i\u0161t\u011b"},"content":{"rendered":"<p>velk\u00e9 travnat\u00e9 h\u0159i\u0161t\u011b &#8211; cena dohodou provozn\u00ed doba 8 &#8211; 20 hod<\/p>\n<p>Kontakt:<br \/>\nVlastimil Oulehla<br \/>\nTel.: 736 710 817<\/p>\n<p><a href=\"http:\/\/tjkostelec.cz\/wp-content\/uploads\/2017\/08\/fotbal2.jpg\"><img loading=\"lazy\" decoding=\"async\" class=\"alignnone size-medium wp-image-1549\" src=\"http:\/\/tjkostelec.cz\/wp-content\/uploads\/2017\/08\/fotbal2-300x223.jpg\" alt=\"\" width=\"300\" height=\"223\" \/><\/a> <a href=\"http:\/\/tjkostelec.cz\/wp-content\/uploads\/2017\/08\/fotbal3.jpg\"><img loading=\"lazy\" decoding=\"async\" class=\"alignnone size-medium wp-image-1550\" src=\"http:\/\/tjkostelec.cz\/wp-content\/uploads\/2017\/08\/fotbal3-300x225.jpg\" alt=\"\" width=\"300\" height=\"225\" \/><\/a> <a href=\"http:\/\/tjkostelec.cz\/wp-content\/uploads\/2017\/08\/fotbal4.jpg\"><img loading=\"lazy\" decoding=\"async\" class=\"alignnone size-medium wp-image-1551\" src=\"http:\/\/tjkostelec.cz\/wp-content\/uploads\/2017\/08\/fotbal4-300x225.jpg\" alt=\"\" width=\"300\" height=\"225\" \/><\/a><\/p>\n","protected":false},"excerpt":{"rendered":"<p>velk\u00e9 travnat\u00e9 h\u0159i\u0161t\u011b &#8211; cena dohodou provozn\u00ed doba 8 &#8211; 20 hod Kontakt: Vlastimil Oulehla Tel.: 736 710 817<\/p>\n","protected":false},"author":1,"featured_media":0,"parent":89,"menu_order":5,"comment_status":"closed","ping_status":"closed","template":"","meta":{"footnotes":""},"class_list":["post-331","page","type-page","status-publish","hentry"],"_links":{"self":[{"href":"http:\/\/tjkostelec.cz\/index.php?rest_route=\/wp\/v2\/pages\/331","targetHints":{"allow":["GET"]}}],"collection":[{"href":"http:\/\/tjkostelec.cz\/index.php?rest_route=\/wp\/v2\/pages"}],"about":[{"href":"http:\/\/tjkostelec.cz\/index.php?rest_route=\/wp\/v2\/types\/page"}],"author":[{"embeddable":true,"href":"http:\/\/tjkostelec.cz\/index.php?rest_route=\/wp\/v2\/users\/1"}],"replies":[{"embeddable":true,"href":"http:\/\/tjkostelec.cz\/index.php?rest_route=%2Fwp%2Fv2%2Fcomments&post=331"}],"version-history":[{"count":4,"href":"http:\/\/tjkostelec.cz\/index.php?rest_route=\/wp\/v2\/pages\/331\/revisions"}],"predecessor-version":[{"id":4499,"href":"http:\/\/tjkostelec.cz\/index.php?rest_route=\/wp\/v2\/pages\/331\/revisions\/4499"}],"up":[{"embeddable":true,"href":"http:\/\/tjkostelec.cz\/index.php?rest_route=\/wp\/v2\/pages\/89"}],"wp:attachment":[{"href":"http:\/\/tjkostelec.cz\/index.php?rest_route=%2Fwp%2Fv2%2Fmedia&parent=331"}],"curies":[{"name":"wp","href":"https:\/\/api.w.org\/{rel}","templated":true}]}}