{"id":320,"date":"2017-08-27T01:40:13","date_gmt":"2017-08-26T23:40:13","guid":{"rendered":"http:\/\/tjkostelec.cz\/?page_id=320"},"modified":"2023-06-14T15:35:02","modified_gmt":"2023-06-14T13:35:02","slug":"tenisove-multifunkcni-hriste-s-umelym-povrchem","status":"publish","type":"page","link":"http:\/\/tjkostelec.cz\/?page_id=320","title":{"rendered":"Tenisov\u00e9 multifunk\u010dn\u00ed h\u0159i\u0161t\u011b s um\u011bl\u00fdm povrchem"},"content":{"rendered":"<p>v\u00edce\u00fa\u010delov\u00e9 h\u0159i\u0161t\u011b na tenis : 1hod. 200,- K\u010d,<br \/>\nv\u00edce\u00fa\u010delov\u00e9 h\u0159i\u0161t\u011b na malou kopanou : 1hod. 200,- K\u010d<br \/>\nv\u00edce\u00fa\u010delov\u00e9 h\u0159i\u0161t\u011b na nohejbal &#8211; 1hod. 200,- K\u010d<\/p>\n<p>Kontakt:<br \/>\nVlastimil Oulehla<br \/>\nTel.: 736 710 817<\/p>\n<p><a href=\"http:\/\/tjkostelec.cz\/wp-content\/uploads\/2017\/08\/multifunkcni-hriste6.jpg\"><img loading=\"lazy\" decoding=\"async\" class=\"alignnone wp-image-1568\" src=\"http:\/\/tjkostelec.cz\/wp-content\/uploads\/2017\/08\/multifunkcni-hriste2-300x249.jpg\" alt=\"\" width=\"341\" height=\"283\" \/><\/a> <a href=\"http:\/\/tjkostelec.cz\/wp-content\/uploads\/2017\/08\/multifunkcni-hriste4.jpg\"><img loading=\"lazy\" decoding=\"async\" class=\"alignnone size-medium wp-image-1570\" src=\"http:\/\/tjkostelec.cz\/wp-content\/uploads\/2017\/08\/multifunkcni-hriste4-300x285.jpg\" alt=\"\" width=\"300\" height=\"285\" \/><\/a> <a href=\"http:\/\/tjkostelec.cz\/wp-content\/uploads\/2017\/08\/multifunkcni-hriste8.jpg\"><img loading=\"lazy\" decoding=\"async\" class=\"alignnone wp-image-1574\" src=\"http:\/\/tjkostelec.cz\/wp-content\/uploads\/2017\/08\/multifunkcni-hriste8-300x225.jpg\" alt=\"\" width=\"377\" height=\"283\" \/><\/a><\/p>\n","protected":false},"excerpt":{"rendered":"<p>v\u00edce\u00fa\u010delov\u00e9 h\u0159i\u0161t\u011b na tenis : 1hod. 200,- K\u010d, v\u00edce\u00fa\u010delov\u00e9 h\u0159i\u0161t\u011b na malou kopanou : 1hod. 200,- K\u010d v\u00edce\u00fa\u010delov\u00e9 h\u0159i\u0161t\u011b na nohejbal &#8211; 1hod. 200,- K\u010d Kontakt: Vlastimil Oulehla Tel.: 736 710 817<\/p>\n","protected":false},"author":1,"featured_media":0,"parent":89,"menu_order":4,"comment_status":"closed","ping_status":"closed","template":"","meta":{"footnotes":""},"class_list":["post-320","page","type-page","status-publish","hentry"],"_links":{"self":[{"href":"http:\/\/tjkostelec.cz\/index.php?rest_route=\/wp\/v2\/pages\/320","targetHints":{"allow":["GET"]}}],"collection":[{"href":"http:\/\/tjkostelec.cz\/index.php?rest_route=\/wp\/v2\/pages"}],"about":[{"href":"http:\/\/tjkostelec.cz\/index.php?rest_route=\/wp\/v2\/types\/page"}],"author":[{"embeddable":true,"href":"http:\/\/tjkostelec.cz\/index.php?rest_route=\/wp\/v2\/users\/1"}],"replies":[{"embeddable":true,"href":"http:\/\/tjkostelec.cz\/index.php?rest_route=%2Fwp%2Fv2%2Fcomments&post=320"}],"version-history":[{"count":9,"href":"http:\/\/tjkostelec.cz\/index.php?rest_route=\/wp\/v2\/pages\/320\/revisions"}],"predecessor-version":[{"id":4103,"href":"http:\/\/tjkostelec.cz\/index.php?rest_route=\/wp\/v2\/pages\/320\/revisions\/4103"}],"up":[{"embeddable":true,"href":"http:\/\/tjkostelec.cz\/index.php?rest_route=\/wp\/v2\/pages\/89"}],"wp:attachment":[{"href":"http:\/\/tjkostelec.cz\/index.php?rest_route=%2Fwp%2Fv2%2Fmedia&parent=320"}],"curies":[{"name":"wp","href":"https:\/\/api.w.org\/{rel}","templated":true}]}}