{"id":309,"date":"2017-08-27T01:18:15","date_gmt":"2017-08-26T23:18:15","guid":{"rendered":"http:\/\/tjkostelec.cz\/?page_id=309"},"modified":"2023-06-14T15:35:39","modified_gmt":"2023-06-14T13:35:39","slug":"beachvolejbal","status":"publish","type":"page","link":"http:\/\/tjkostelec.cz\/?page_id=309","title":{"rendered":"Beachvolejbal"},"content":{"rendered":"<p>h\u0159i\u0161t\u011b na beachvolejbal : 1hodina 200,- K\u010d<\/p>\n<p>Kontakt:<br \/>\nVlastimil Oulehla<br \/>\nTel.: 736 710 817<\/p>\n<p><a href=\"http:\/\/tjkostelec.cz\/wp-content\/uploads\/2017\/08\/beachvolejbal3.jpg\"><img loading=\"lazy\" decoding=\"async\" class=\"alignnone size-medium wp-image-1541\" src=\"http:\/\/tjkostelec.cz\/wp-content\/uploads\/2017\/08\/beachvolejbal3-300x226.jpg\" alt=\"\" width=\"300\" height=\"226\" \/><\/a>\u00a0<a href=\"http:\/\/tjkostelec.cz\/wp-content\/uploads\/2017\/08\/beach5.jpg\"><img loading=\"lazy\" decoding=\"async\" class=\"alignnone size-medium wp-image-1586\" src=\"http:\/\/tjkostelec.cz\/wp-content\/uploads\/2017\/08\/beach6-300x225.jpg\" alt=\"\" width=\"300\" height=\"225\" \/><\/a><br \/>\n<a href=\"http:\/\/tjkostelec.cz\/wp-content\/uploads\/2017\/08\/beach2.jpg\"><img loading=\"lazy\" decoding=\"async\" class=\"alignnone size-medium wp-image-1582\" src=\"http:\/\/tjkostelec.cz\/wp-content\/uploads\/2017\/08\/beach2-300x226.jpg\" alt=\"\" width=\"300\" height=\"226\" \/><\/a> <a href=\"http:\/\/tjkostelec.cz\/wp-content\/uploads\/2017\/08\/beach6.jpg\"><img loading=\"lazy\" decoding=\"async\" class=\"alignnone size-medium wp-image-1585\" src=\"http:\/\/tjkostelec.cz\/wp-content\/uploads\/2017\/08\/beach5-300x225.jpg\" alt=\"\" width=\"300\" height=\"225\" \/><\/a><\/p>\n","protected":false},"excerpt":{"rendered":"<p>h\u0159i\u0161t\u011b na beachvolejbal : 1hodina 200,- K\u010d Kontakt: Vlastimil Oulehla Tel.: 736 710 817 \u00a0<\/p>\n","protected":false},"author":1,"featured_media":0,"parent":89,"menu_order":2,"comment_status":"closed","ping_status":"closed","template":"","meta":{"footnotes":""},"class_list":["post-309","page","type-page","status-publish","hentry"],"_links":{"self":[{"href":"http:\/\/tjkostelec.cz\/index.php?rest_route=\/wp\/v2\/pages\/309","targetHints":{"allow":["GET"]}}],"collection":[{"href":"http:\/\/tjkostelec.cz\/index.php?rest_route=\/wp\/v2\/pages"}],"about":[{"href":"http:\/\/tjkostelec.cz\/index.php?rest_route=\/wp\/v2\/types\/page"}],"author":[{"embeddable":true,"href":"http:\/\/tjkostelec.cz\/index.php?rest_route=\/wp\/v2\/users\/1"}],"replies":[{"embeddable":true,"href":"http:\/\/tjkostelec.cz\/index.php?rest_route=%2Fwp%2Fv2%2Fcomments&post=309"}],"version-history":[{"count":10,"href":"http:\/\/tjkostelec.cz\/index.php?rest_route=\/wp\/v2\/pages\/309\/revisions"}],"predecessor-version":[{"id":4104,"href":"http:\/\/tjkostelec.cz\/index.php?rest_route=\/wp\/v2\/pages\/309\/revisions\/4104"}],"up":[{"embeddable":true,"href":"http:\/\/tjkostelec.cz\/index.php?rest_route=\/wp\/v2\/pages\/89"}],"wp:attachment":[{"href":"http:\/\/tjkostelec.cz\/index.php?rest_route=%2Fwp%2Fv2%2Fmedia&parent=309"}],"curies":[{"name":"wp","href":"https:\/\/api.w.org\/{rel}","templated":true}]}}