{"id":2588,"date":"2020-07-17T21:48:07","date_gmt":"2020-07-17T19:48:07","guid":{"rendered":"http:\/\/tjkostelec.cz\/?page_id=2588"},"modified":"2020-07-17T21:48:46","modified_gmt":"2020-07-17T19:48:46","slug":"kontakt-na-trenera-mladeze","status":"publish","type":"page","link":"http:\/\/tjkostelec.cz\/?page_id=2588","title":{"rendered":"Kontakt na tren\u00e9ra ml\u00e1de\u017ee"},"content":{"rendered":"<p>V p\u0159\u00edpad\u011b z\u00e1jmu kontaktujte tren\u00e9ra Miroslava Karala na telefonn\u00edm \u010d\u00edsle: 603 572 401.<\/p>\n","protected":false},"excerpt":{"rendered":"<p>V p\u0159\u00edpad\u011b z\u00e1jmu kontaktujte tren\u00e9ra Miroslava Karala na telefonn\u00edm \u010d\u00edsle: 603 572 401.<\/p>\n","protected":false},"author":1,"featured_media":0,"parent":75,"menu_order":0,"comment_status":"closed","ping_status":"closed","template":"","meta":{"footnotes":""},"class_list":["post-2588","page","type-page","status-publish","hentry"],"_links":{"self":[{"href":"http:\/\/tjkostelec.cz\/index.php?rest_route=\/wp\/v2\/pages\/2588","targetHints":{"allow":["GET"]}}],"collection":[{"href":"http:\/\/tjkostelec.cz\/index.php?rest_route=\/wp\/v2\/pages"}],"about":[{"href":"http:\/\/tjkostelec.cz\/index.php?rest_route=\/wp\/v2\/types\/page"}],"author":[{"embeddable":true,"href":"http:\/\/tjkostelec.cz\/index.php?rest_route=\/wp\/v2\/users\/1"}],"replies":[{"embeddable":true,"href":"http:\/\/tjkostelec.cz\/index.php?rest_route=%2Fwp%2Fv2%2Fcomments&post=2588"}],"version-history":[{"count":2,"href":"http:\/\/tjkostelec.cz\/index.php?rest_route=\/wp\/v2\/pages\/2588\/revisions"}],"predecessor-version":[{"id":2590,"href":"http:\/\/tjkostelec.cz\/index.php?rest_route=\/wp\/v2\/pages\/2588\/revisions\/2590"}],"up":[{"embeddable":true,"href":"http:\/\/tjkostelec.cz\/index.php?rest_route=\/wp\/v2\/pages\/75"}],"wp:attachment":[{"href":"http:\/\/tjkostelec.cz\/index.php?rest_route=%2Fwp%2Fv2%2Fmedia&parent=2588"}],"curies":[{"name":"wp","href":"https:\/\/api.w.org\/{rel}","templated":true}]}}